{"id":3618,"date":"2026-05-12T03:11:48","date_gmt":"2026-05-12T03:11:48","guid":{"rendered":"https:\/\/adpusach.cl\/wp\/?page_id=3618"},"modified":"2026-05-12T03:27:53","modified_gmt":"2026-05-12T03:27:53","slug":"adp-aborda-irregularidades-en-proceso-de-teletrabajo-y-logra-rectificacion-de-plazo-de-apelacion","status":"publish","type":"page","link":"https:\/\/adpusach.cl\/wp\/adp-aborda-irregularidades-en-proceso-de-teletrabajo-y-logra-rectificacion-de-plazo-de-apelacion\/","title":{"rendered":"ADP aborda irregularidades en proceso de teletrabajo y logra rectificaci\u00f3n de plazo de apelaci\u00f3n"},"content":{"rendered":"\t\t<div data-elementor-type=\"wp-page\" data-elementor-id=\"3618\" class=\"elementor elementor-3618\">\n\t\t\t\t<div class=\"elementor-element elementor-element-7f2dd70 codevz-con-stretch-yes e-con-full e-flex e-con e-parent\" data-id=\"7f2dd70\" data-element_type=\"container\" data-e-type=\"container\">\n\t\t\t\t<div class=\"elementor-element elementor-element-efd6d84 elementor-widget__width-inherit elementor-widget elementor-widget-image\" data-id=\"efd6d84\" data-element_type=\"widget\" data-e-type=\"widget\" data-widget_type=\"image.default\">\n\t\t\t\t\t\t\t\t\t\t\t\t\t\t\t<img fetchpriority=\"high\" decoding=\"async\" width=\"2000\" height=\"444\" src=\"data:image\/svg+xml,%3Csvg%20xmlns%3D&#39;http%3A%2F%2Fwww.w3.org%2F2000%2Fsvg&#39;%20width=&#39;2000&#39;%20height=&#39;444&#39;%20viewBox%3D&#39;0%200%202000%20444&#39;%2F%3E\" data-czlz data-src=\"https:\/\/adpusach.cl\/wp\/wp-content\/uploads\/2025\/12\/Sin-titulo-9-x-3-in-9-x-2-in-1-1.png\" class=\"attachment-full size-full wp-image-2646\" alt=\"\" data-srcset=\"https:\/\/adpusach.cl\/wp\/wp-content\/uploads\/2025\/12\/Sin-titulo-9-x-3-in-9-x-2-in-1-1.png 2000w, https:\/\/adpusach.cl\/wp\/wp-content\/uploads\/2025\/12\/Sin-titulo-9-x-3-in-9-x-2-in-1-1-300x67.png 300w, https:\/\/adpusach.cl\/wp\/wp-content\/uploads\/2025\/12\/Sin-titulo-9-x-3-in-9-x-2-in-1-1-1024x227.png 1024w, https:\/\/adpusach.cl\/wp\/wp-content\/uploads\/2025\/12\/Sin-titulo-9-x-3-in-9-x-2-in-1-1-768x170.png 768w, https:\/\/adpusach.cl\/wp\/wp-content\/uploads\/2025\/12\/Sin-titulo-9-x-3-in-9-x-2-in-1-1-1536x341.png 1536w, https:\/\/adpusach.cl\/wp\/wp-content\/uploads\/2025\/12\/Sin-titulo-9-x-3-in-9-x-2-in-1-1-600x133.png 600w\" data-sizes=\"(max-width: 2000px) 100vw, 2000px\" \/>\t\t\t\t\t\t\t\t\t\t\t\t\t\t\t<\/div>\n\t\t\t\t<\/div>\n\t\t<div class=\"elementor-element elementor-element-3a716eb e-grid codevz-con-stretch-yes e-con-boxed e-con e-parent\" data-id=\"3a716eb\" data-element_type=\"container\" data-e-type=\"container\" data-settings=\"{&quot;background_background&quot;:&quot;classic&quot;}\">\n\t\t\t\t\t<div class=\"e-con-inner\">\n\t\t\t\t<div class=\"elementor-element elementor-element-67eba56 elementor-align-right elementor-widget elementor-widget-button\" data-id=\"67eba56\" data-element_type=\"widget\" data-e-type=\"widget\" data-widget_type=\"button.default\">\n\t\t\t\t\t\t\t\t\t\t<a class=\"elementor-button elementor-button-link elementor-size-sm\" href=\"https:\/\/adpusach.cl\/wp\">\n\t\t\t\t\t\t<span class=\"elementor-button-content-wrapper\">\n\t\t\t\t\t\t\t\t\t<span class=\"elementor-button-text\">Inicio<\/span>\n\t\t\t\t\t<\/span>\n\t\t\t\t\t<\/a>\n\t\t\t\t\t\t\t\t<\/div>\n\t\t\t\t<div class=\"elementor-element elementor-element-d29e245 elementor-align-right elementor-widget elementor-widget-button\" data-id=\"d29e245\" data-element_type=\"widget\" data-e-type=\"widget\" data-widget_type=\"button.default\">\n\t\t\t\t\t\t\t\t\t\t<a class=\"elementor-button elementor-button-link elementor-size-sm\" href=\"https:\/\/adpusach.cl\/wp\/nosotros\">\n\t\t\t\t\t\t<span class=\"elementor-button-content-wrapper\">\n\t\t\t\t\t\t\t\t\t<span class=\"elementor-button-text\">Nosotros<\/span>\n\t\t\t\t\t<\/span>\n\t\t\t\t\t<\/a>\n\t\t\t\t\t\t\t\t<\/div>\n\t\t\t\t<div class=\"elementor-element elementor-element-20913e6 elementor-align-right elementor-widget elementor-widget-button\" data-id=\"20913e6\" data-element_type=\"widget\" data-e-type=\"widget\" data-widget_type=\"button.default\">\n\t\t\t\t\t\t\t\t\t\t<a class=\"elementor-button elementor-button-link elementor-size-sm\" href=\"https:\/\/adpusach.cl\/wp\/servicios\">\n\t\t\t\t\t\t<span class=\"elementor-button-content-wrapper\">\n\t\t\t\t\t\t\t\t\t<span class=\"elementor-button-text\">Servicios<\/span>\n\t\t\t\t\t<\/span>\n\t\t\t\t\t<\/a>\n\t\t\t\t\t\t\t\t<\/div>\n\t\t\t\t<div class=\"elementor-element elementor-element-b51588a elementor-align-center elementor-widget elementor-widget-button\" data-id=\"b51588a\" data-element_type=\"widget\" data-e-type=\"widget\" data-widget_type=\"button.default\">\n\t\t\t\t\t\t\t\t\t\t<a class=\"elementor-button elementor-button-link elementor-size-sm\" href=\"https:\/\/adpusach.cl\/wp\/preguntas-frecuentes\/\">\n\t\t\t\t\t\t<span class=\"elementor-button-content-wrapper\">\n\t\t\t\t\t\t\t\t\t<span class=\"elementor-button-text\">Preguntas Frecuentes<\/span>\n\t\t\t\t\t<\/span>\n\t\t\t\t\t<\/a>\n\t\t\t\t\t\t\t\t<\/div>\n\t\t\t\t<div class=\"elementor-element elementor-element-4fdfa77 elementor-align-center elementor-widget elementor-widget-button\" data-id=\"4fdfa77\" data-element_type=\"widget\" data-e-type=\"widget\" data-widget_type=\"button.default\">\n\t\t\t\t\t\t\t\t\t\t<a class=\"elementor-button elementor-button-link elementor-size-sm\" href=\"https:\/\/adpusach.cl\/wp\/noticias\">\n\t\t\t\t\t\t<span class=\"elementor-button-content-wrapper\">\n\t\t\t\t\t\t\t\t\t<span class=\"elementor-button-text\">Noticias<\/span>\n\t\t\t\t\t<\/span>\n\t\t\t\t\t<\/a>\n\t\t\t\t\t\t\t\t<\/div>\n\t\t\t\t<div class=\"elementor-element elementor-element-5c98157 elementor-align-center elementor-widget elementor-widget-button\" data-id=\"5c98157\" data-element_type=\"widget\" data-e-type=\"widget\" data-widget_type=\"button.default\">\n\t\t\t\t\t\t\t\t\t\t<a class=\"elementor-button elementor-button-link elementor-size-sm\" href=\"https:\/\/adpusach.cl\/wp\/reflexiones\/\">\n\t\t\t\t\t\t<span class=\"elementor-button-content-wrapper\">\n\t\t\t\t\t\t\t\t\t<span class=\"elementor-button-text\">Reflexiones<\/span>\n\t\t\t\t\t<\/span>\n\t\t\t\t\t<\/a>\n\t\t\t\t\t\t\t\t<\/div>\n\t\t\t\t\t<\/div>\n\t\t\t\t<\/div>\n\t\t<div class=\"elementor-element elementor-element-783bc89 e-flex e-con-boxed e-con e-parent\" data-id=\"783bc89\" data-element_type=\"container\" data-e-type=\"container\">\n\t\t\t\t\t<div class=\"e-con-inner\">\n\t\t\t\t<div class=\"elementor-element elementor-element-f28140f elementor-widget elementor-widget-heading\" data-id=\"f28140f\" data-element_type=\"widget\" data-e-type=\"widget\" data-widget_type=\"heading.default\">\n\t\t\t\t\t<h2 class=\"elementor-heading-title elementor-size-default\"><span style=\"font-size: 43px\">ADP aborda irregularidades en proceso de teletrabajo y logra rectificaci\u00f3n de plazo de apelaci\u00f3n<\/span><\/h2>\t\t\t\t<\/div>\n\t\t\t\t<div class=\"elementor-element elementor-element-7961100 elementor-widget elementor-widget-text-editor\" data-id=\"7961100\" data-element_type=\"widget\" data-e-type=\"widget\" data-widget_type=\"text-editor.default\">\n\t\t\t\t\t\t\t\t\t<p>Jueves 7 de mayo<\/p>\t\t\t\t\t\t\t\t<\/div>\n\t\t\t\t<div class=\"elementor-element elementor-element-fb24c8d elementor-widget elementor-widget-image\" data-id=\"fb24c8d\" data-element_type=\"widget\" data-e-type=\"widget\" data-widget_type=\"image.default\">\n\t\t\t\t\t\t\t\t\t\t\t\t\t\t\t<img decoding=\"async\" width=\"800\" height=\"518\" src=\"data:image\/svg+xml,%3Csvg%20xmlns%3D&#39;http%3A%2F%2Fwww.w3.org%2F2000%2Fsvg&#39;%20width=&#39;800&#39;%20height=&#39;518&#39;%20viewBox%3D&#39;0%200%20800%20518&#39;%2F%3E\" data-czlz data-src=\"https:\/\/adpusach.cl\/wp\/wp-content\/uploads\/2026\/05\/dac85a26-488d-4fdf-ab75-0cfd6939c80a.jpg\" class=\"attachment-large size-large wp-image-3620\" alt=\"\" data-srcset=\"https:\/\/adpusach.cl\/wp\/wp-content\/uploads\/2026\/05\/dac85a26-488d-4fdf-ab75-0cfd6939c80a.jpg 884w, https:\/\/adpusach.cl\/wp\/wp-content\/uploads\/2026\/05\/dac85a26-488d-4fdf-ab75-0cfd6939c80a-300x194.jpg 300w, https:\/\/adpusach.cl\/wp\/wp-content\/uploads\/2026\/05\/dac85a26-488d-4fdf-ab75-0cfd6939c80a-768x497.jpg 768w\" data-sizes=\"(max-width: 800px) 100vw, 800px\" \/>\t\t\t\t\t\t\t\t\t\t\t\t\t\t\t<\/div>\n\t\t\t\t\t<\/div>\n\t\t\t\t<\/div>\n\t\t<div class=\"elementor-element elementor-element-bad200e e-flex e-con-boxed e-con e-parent\" data-id=\"bad200e\" data-element_type=\"container\" data-e-type=\"container\">\n\t\t\t\t\t<div class=\"e-con-inner\">\n\t\t\t\t<div class=\"elementor-element elementor-element-98bf3e7 elementor-widget elementor-widget-text-editor\" data-id=\"98bf3e7\" data-element_type=\"widget\" data-e-type=\"widget\" data-widget_type=\"text-editor.default\">\n\t\t\t\t\t\t\t\t\t<p>La Asociaci\u00f3n de Funcionarios Profesionales y T\u00e9cnicos de la Usach (ADP) manifest\u00f3 su preocupaci\u00f3n frente a las irregularidades detectadas durante el reciente proceso de postulaci\u00f3n y revisi\u00f3n de convenios de teletrabajo al interior de la universidad. A trav\u00e9s de una declaraci\u00f3n p\u00fablica y del informe elaborado por el asesor jur\u00eddico de la ADP, Felipe Basadre Arancibia, se advirtieron situaciones vinculadas a modificaciones unilaterales de convenios, restricciones arbitrarias y falta de fundamentaci\u00f3n en decisiones adoptadas por distintas jefaturas.<\/p><p>De acuerdo con el an\u00e1lisis jur\u00eddico realizado por el abogado de la ADP, la normativa vigente sobre teletrabajo en la universidad establece causales y procedimientos espec\u00edficos para modificar o poner t\u00e9rmino a los convenios existentes, incluyendo la obligaci\u00f3n de fundamentar formalmente cualquier decisi\u00f3n que afecte derechos de las y los funcionarios. Asimismo, el informe se\u00f1ala que no corresponde realizar modificaciones verbales ni aplicar restricciones generales sin respaldo administrativo fundado.<\/p><p>Entre las situaciones denunciadas por la organizaci\u00f3n se encuentran casos de funcionarios y funcionarias a quienes se les redujeron d\u00edas de teletrabajo, se les impidi\u00f3 postular a determinados d\u00edas de la semana o se les solicit\u00f3 modificar sus postulaciones sin fundamentos claros. Seg\u00fan la declaraci\u00f3n de la ADP, estas situaciones generaron preocupaci\u00f3n y frustraci\u00f3n entre las y los trabajadores, especialmente en quienes requieren esta modalidad para compatibilizar responsabilidades familiares, cuidados o condiciones de salud.<\/p><p>Asimismo, se manifiesta la importancia de avanzar hacia un sistema de teletrabajo m\u00e1s transparente y con reglas claras, incorporando procedimientos objetivos para la revisi\u00f3n de convenios, mayores garant\u00edas de igualdad de trato y mecanismos efectivos de apelaci\u00f3n y revisi\u00f3n frente a decisiones de las jefaturas.<\/p><p>En este contexto, la ADP tambi\u00e9n destac\u00f3 que, tras gestiones realizadas por la organizaci\u00f3n, la autoridad universitaria rectific\u00f3 el plazo de apelaci\u00f3n informado inicialmente para el proceso de teletrabajo, extendi\u00e9ndolo hasta el jueves 30 de abril. Desde la asociaci\u00f3n se\u00f1alaron que esta modificaci\u00f3n permiti\u00f3 entregar mayores garant\u00edas y tiempo suficiente para que las y los funcionarios pudieran ejercer adecuadamente su derecho a apelaci\u00f3n.<\/p><p>Finalmente, la ADP reiter\u00f3 su disposici\u00f3n a seguir acompa\u00f1ando y orientando a sus socias y socios en materias relacionadas con teletrabajo y condiciones laborales, promoviendo instancias de di\u00e1logo y acciones que contribuyan a resguardar los derechos de las y los funcionarios de la universidad.<\/p><p><a href=\"https:\/\/doc-08-as-apps-viewer.googleusercontent.com\/viewer\/secure\/pdf\/cpr6k5ponu86f9aifghvkjkl6i0n3qmo\/l0rd2jss1u7ng9m36fmn5nsb4o3a6e92\/1778556300000\/gmail\/00530842631176398342\/ACFrOgDyzqrQKtKoK_f9QYdT4jsnZGfzox1_j7YlN89fdeMjDxpVMBdgd7bSRJXYgWbDugEYTDQ8n5PwO0HKWgd5hscGIPD80-uT7CPSUU3TF9s-Veid59zfeCMvCiFbzAkKwTS6hSiAMw2Iji1heXrrXvDiLji6Zxn2_ssDbQ==?print=true&amp;nonce=m9aejm7shnfdo&amp;user=00530842631176398342&amp;hash=gk0cqebuq6g3tnqkhatb85u7s33ekdh3\" target=\"_blank\" rel=\"noopener\"><span style=\"font-size: 17px;\"><em>Comunicado ADP<\/em><\/span><\/a><\/p><p><a href=\"https:\/\/doc-0c-as-apps-viewer.googleusercontent.com\/viewer\/secure\/pdf\/cpr6k5ponu86f9aifghvkjkl6i0n3qmo\/ge2b97j19pvim2c7k4jvfplc0rnklvug\/1778556375000\/gmail\/00530842631176398342\/ACFrOgCBAbBnYl7MbEyrvt-yQVM2b4pU6RUEIJkQuHYX1uNn3nKS0kmzne2KoDEbhdk5Eq8199K5mGBHXrdZjEVXt63ORb_YhLBQegPjzrmx1qoUqT4V7WCuajtwuEQXrVU_UDAUeZVbGfNerCWnNLb6Aq3MbUfQnG0JATzUBg==?print=true&amp;nonce=n3ov1gle478mi&amp;user=00530842631176398342&amp;hash=18buoc8a8jh043rv45lcina5vrg2etmu\" target=\"_blank\" rel=\"noopener\"><em><span style=\"font-size: 17px;\">Informe Teletrabajo<\/span><\/em><\/a><\/p>\t\t\t\t\t\t\t\t<\/div>\n\t\t\t\t\t<\/div>\n\t\t\t\t<\/div>\n\t\t\t\t<\/div>\n\t\t","protected":false},"excerpt":{"rendered":"<p>Inicio Nosotros Servicios Preguntas Frecuentes Noticias Reflexiones ADP aborda irregularidades en proceso de teletrabajo y logra rectificaci\u00f3n de plazo de apelaci\u00f3n Jueves 7 de mayo La Asociaci\u00f3n de Funcionarios Profesionales y T\u00e9cnicos de la Usach (ADP) manifest\u00f3 su preocupaci\u00f3n frente a las irregularidades detectadas durante el reciente proceso de postulaci\u00f3n y revisi\u00f3n de convenios de [&hellip;]<\/p>\n","protected":false},"author":5,"featured_media":0,"parent":0,"menu_order":0,"comment_status":"closed","ping_status":"closed","template":"","meta":{"_view_id":"","footnotes":""},"class_list":["post-3618","page","type-page","status-publish","hentry"],"_links":{"self":[{"href":"https:\/\/adpusach.cl\/wp\/wp-json\/wp\/v2\/pages\/3618","targetHints":{"allow":["GET"]}}],"collection":[{"href":"https:\/\/adpusach.cl\/wp\/wp-json\/wp\/v2\/pages"}],"about":[{"href":"https:\/\/adpusach.cl\/wp\/wp-json\/wp\/v2\/types\/page"}],"author":[{"embeddable":true,"href":"https:\/\/adpusach.cl\/wp\/wp-json\/wp\/v2\/users\/5"}],"replies":[{"embeddable":true,"href":"https:\/\/adpusach.cl\/wp\/wp-json\/wp\/v2\/comments?post=3618"}],"version-history":[{"count":11,"href":"https:\/\/adpusach.cl\/wp\/wp-json\/wp\/v2\/pages\/3618\/revisions"}],"predecessor-version":[{"id":3633,"href":"https:\/\/adpusach.cl\/wp\/wp-json\/wp\/v2\/pages\/3618\/revisions\/3633"}],"wp:attachment":[{"href":"https:\/\/adpusach.cl\/wp\/wp-json\/wp\/v2\/media?parent=3618"}],"curies":[{"name":"wp","href":"https:\/\/api.w.org\/{rel}","templated":true}]}}