{"id":3489,"date":"2026-04-14T03:13:16","date_gmt":"2026-04-14T03:13:16","guid":{"rendered":"https:\/\/adpusach.cl\/wp\/?page_id=3489"},"modified":"2026-04-14T04:24:23","modified_gmt":"2026-04-14T04:24:23","slug":"reflexiones","status":"publish","type":"page","link":"https:\/\/adpusach.cl\/wp\/reflexiones\/","title":{"rendered":"Reflexiones"},"content":{"rendered":"\t\t<div data-elementor-type=\"wp-page\" data-elementor-id=\"3489\" class=\"elementor elementor-3489\">\n\t\t\t\t<div class=\"elementor-element elementor-element-26997d9 codevz-con-stretch-yes e-con-full e-flex e-con e-parent\" data-id=\"26997d9\" data-element_type=\"container\" data-e-type=\"container\">\n\t\t\t\t<div class=\"elementor-element elementor-element-40a7ce4 elementor-widget__width-inherit elementor-widget elementor-widget-image\" data-id=\"40a7ce4\" data-element_type=\"widget\" data-e-type=\"widget\" data-widget_type=\"image.default\">\n\t\t\t\t\t\t\t\t\t\t\t\t\t\t\t<img fetchpriority=\"high\" decoding=\"async\" width=\"2000\" height=\"444\" src=\"data:image\/svg+xml,%3Csvg%20xmlns%3D&#39;http%3A%2F%2Fwww.w3.org%2F2000%2Fsvg&#39;%20width=&#39;2000&#39;%20height=&#39;444&#39;%20viewBox%3D&#39;0%200%202000%20444&#39;%2F%3E\" data-czlz data-src=\"https:\/\/adpusach.cl\/wp\/wp-content\/uploads\/2025\/12\/Sin-titulo-9-x-3-in-9-x-2-in-1.png\" class=\"attachment-full size-full wp-image-2216\" alt=\"\" \/>\t\t\t\t\t\t\t\t\t\t\t\t\t\t\t<\/div>\n\t\t\t\t<\/div>\n\t\t<div class=\"elementor-element elementor-element-be287c3 e-grid codevz-con-stretch-yes e-con-boxed e-con e-parent\" data-id=\"be287c3\" data-element_type=\"container\" data-e-type=\"container\" data-settings=\"{&quot;background_background&quot;:&quot;classic&quot;}\">\n\t\t\t\t\t<div class=\"e-con-inner\">\n\t\t\t\t<div class=\"elementor-element elementor-element-95ed31c elementor-align-right elementor-widget elementor-widget-button\" data-id=\"95ed31c\" data-element_type=\"widget\" data-e-type=\"widget\" data-widget_type=\"button.default\">\n\t\t\t\t\t\t\t\t\t\t<a class=\"elementor-button elementor-button-link elementor-size-sm\" href=\"https:\/\/adpusach.cl\/wp\">\n\t\t\t\t\t\t<span class=\"elementor-button-content-wrapper\">\n\t\t\t\t\t\t\t\t\t<span class=\"elementor-button-text\">Inicio<\/span>\n\t\t\t\t\t<\/span>\n\t\t\t\t\t<\/a>\n\t\t\t\t\t\t\t\t<\/div>\n\t\t\t\t<div class=\"elementor-element elementor-element-f0a521c elementor-align-right elementor-widget elementor-widget-button\" data-id=\"f0a521c\" data-element_type=\"widget\" data-e-type=\"widget\" data-widget_type=\"button.default\">\n\t\t\t\t\t\t\t\t\t\t<a class=\"elementor-button elementor-button-link elementor-size-sm\" href=\"https:\/\/adpusach.cl\/wp\/nosotros\">\n\t\t\t\t\t\t<span class=\"elementor-button-content-wrapper\">\n\t\t\t\t\t\t\t\t\t<span class=\"elementor-button-text\">Nosotros<\/span>\n\t\t\t\t\t<\/span>\n\t\t\t\t\t<\/a>\n\t\t\t\t\t\t\t\t<\/div>\n\t\t\t\t<div class=\"elementor-element elementor-element-4497b3e elementor-align-right elementor-widget elementor-widget-button\" data-id=\"4497b3e\" data-element_type=\"widget\" data-e-type=\"widget\" data-widget_type=\"button.default\">\n\t\t\t\t\t\t\t\t\t\t<a class=\"elementor-button elementor-button-link elementor-size-sm\" href=\"https:\/\/adpusach.cl\/wp\/servicios\">\n\t\t\t\t\t\t<span class=\"elementor-button-content-wrapper\">\n\t\t\t\t\t\t\t\t\t<span class=\"elementor-button-text\">Servicios<\/span>\n\t\t\t\t\t<\/span>\n\t\t\t\t\t<\/a>\n\t\t\t\t\t\t\t\t<\/div>\n\t\t\t\t<div class=\"elementor-element elementor-element-ac8ff0b elementor-align-center elementor-widget elementor-widget-button\" data-id=\"ac8ff0b\" data-element_type=\"widget\" data-e-type=\"widget\" data-widget_type=\"button.default\">\n\t\t\t\t\t\t\t\t\t\t<a class=\"elementor-button elementor-button-link elementor-size-sm\" href=\"https:\/\/adpusach.cl\/wp\/preguntas-frecuentes\/\">\n\t\t\t\t\t\t<span class=\"elementor-button-content-wrapper\">\n\t\t\t\t\t\t\t\t\t<span class=\"elementor-button-text\">Preguntas Frecuentes<\/span>\n\t\t\t\t\t<\/span>\n\t\t\t\t\t<\/a>\n\t\t\t\t\t\t\t\t<\/div>\n\t\t\t\t<div class=\"elementor-element elementor-element-aef228b elementor-align-center elementor-widget elementor-widget-button\" data-id=\"aef228b\" data-element_type=\"widget\" data-e-type=\"widget\" data-widget_type=\"button.default\">\n\t\t\t\t\t\t\t\t\t\t<a class=\"elementor-button elementor-button-link elementor-size-sm\" href=\"https:\/\/adpusach.cl\/wp\/noticias\">\n\t\t\t\t\t\t<span class=\"elementor-button-content-wrapper\">\n\t\t\t\t\t\t\t\t\t<span class=\"elementor-button-text\">Noticias<\/span>\n\t\t\t\t\t<\/span>\n\t\t\t\t\t<\/a>\n\t\t\t\t\t\t\t\t<\/div>\n\t\t\t\t<div class=\"elementor-element elementor-element-a5109d7 elementor-align-center elementor-widget elementor-widget-button\" data-id=\"a5109d7\" data-element_type=\"widget\" data-e-type=\"widget\" data-widget_type=\"button.default\">\n\t\t\t\t\t\t\t\t\t\t<a class=\"elementor-button elementor-button-link elementor-size-sm\" href=\"https:\/\/adpusach.cl\/wp\/reflexiones\/\">\n\t\t\t\t\t\t<span class=\"elementor-button-content-wrapper\">\n\t\t\t\t\t\t\t\t\t<span class=\"elementor-button-text\">Reflexiones<\/span>\n\t\t\t\t\t<\/span>\n\t\t\t\t\t<\/a>\n\t\t\t\t\t\t\t\t<\/div>\n\t\t\t\t\t<\/div>\n\t\t\t\t<\/div>\n\t\t<div class=\"elementor-element elementor-element-1d824c9 e-flex e-con-boxed e-con e-parent\" data-id=\"1d824c9\" data-element_type=\"container\" data-e-type=\"container\">\n\t\t\t\t\t<div class=\"e-con-inner\">\n\t\t\t\t<div class=\"elementor-element elementor-element-6f25c12 elementor-widget elementor-widget-heading\" data-id=\"6f25c12\" data-element_type=\"widget\" data-e-type=\"widget\" data-widget_type=\"heading.default\">\n\t\t\t\t\t<h2 class=\"elementor-heading-title elementor-size-default\">Reflexiones<\/h2>\t\t\t\t<\/div>\n\t\t\t\t<div class=\"elementor-element elementor-element-53b6bdf elementor-widget elementor-widget-text-editor\" data-id=\"53b6bdf\" data-element_type=\"widget\" data-e-type=\"widget\" data-widget_type=\"text-editor.default\">\n\t\t\t\t\t\t\t\t\t<p data-start=\"56\" data-end=\"295\"><span style=\"font-size: 20px;\">En esta secci\u00f3n se comparten opiniones y reflexiones de las y los integrantes del Directorio de la ADP sobre temas de contingencia que impactan a la comunidad universitaria, con el prop\u00f3sito de aportar al an\u00e1lisis y la discusi\u00f3n informada.<\/span><\/p><p data-start=\"297\" data-end=\"485\" data-is-last-node=\"\" data-is-only-node=\"\"><span style=\"font-size: 20px;\">A trav\u00e9s de este espacio, la ADP busca promover el pensamiento cr\u00edtico, el di\u00e1logo y la participaci\u00f3n, contribuyendo a una comunidad universitaria m\u00e1s consciente, reflexiva y comprometida.<\/span><\/p>\t\t\t\t\t\t\t\t<\/div>\n\t\t\t\t\t<\/div>\n\t\t\t\t<\/div>\n\t\t<div class=\"elementor-element elementor-element-be86a9c e-flex e-con-boxed e-con e-parent\" data-id=\"be86a9c\" data-element_type=\"container\" data-e-type=\"container\">\n\t\t\t\t\t<div class=\"e-con-inner\">\n\t\t<div class=\"elementor-element elementor-element-b4dd120 e-grid e-con-full e-con e-child\" data-id=\"b4dd120\" data-element_type=\"container\" data-e-type=\"container\">\n\t\t\t\t<div class=\"elementor-element elementor-element-9909e5b elementor-position-top elementor-widget elementor-widget-image-box\" data-id=\"9909e5b\" data-element_type=\"widget\" data-e-type=\"widget\" data-widget_type=\"image-box.default\">\n\t\t\t\t\t<div class=\"elementor-image-box-wrapper\"><figure class=\"elementor-image-box-img\"><a href=\"https:\/\/adpusach.cl\/wp\/modelo-centralizado-de-aumento-de-grado-de-la-ilusion-a-la-frustracion\/\" tabindex=\"-1\"><img decoding=\"async\" width=\"723\" height=\"395\" src=\"data:image\/svg+xml,%3Csvg%20xmlns%3D&#39;http%3A%2F%2Fwww.w3.org%2F2000%2Fsvg&#39;%20width=&#39;723&#39;%20height=&#39;395&#39;%20viewBox%3D&#39;0%200%20723%20395&#39;%2F%3E\" data-czlz data-src=\"https:\/\/adpusach.cl\/wp\/wp-content\/uploads\/2026\/03\/imagen_2026-03-17_121320922.png\" class=\"attachment-full size-full wp-image-3393\" alt=\"\" data-srcset=\"https:\/\/adpusach.cl\/wp\/wp-content\/uploads\/2026\/03\/imagen_2026-03-17_121320922.png 723w, https:\/\/adpusach.cl\/wp\/wp-content\/uploads\/2026\/03\/imagen_2026-03-17_121320922-300x164.png 300w, https:\/\/adpusach.cl\/wp\/wp-content\/uploads\/2026\/03\/imagen_2026-03-17_121320922-600x328.png 600w\" data-sizes=\"(max-width: 723px) 100vw, 723px\" \/><\/a><\/figure><div class=\"elementor-image-box-content\"><h3 class=\"elementor-image-box-title\"><a href=\"https:\/\/adpusach.cl\/wp\/modelo-centralizado-de-aumento-de-grado-de-la-ilusion-a-la-frustracion\/\">Modelo Centralizado de Aumento de Grado: de la ilusi\u00f3n a la frustraci\u00f3n.<\/a><\/h3><p class=\"elementor-image-box-description\">Sergio Urz\u00faa, Secretario ADP<\/p><\/div><\/div>\t\t\t\t<\/div>\n\t\t\t\t<div class=\"elementor-element elementor-element-08dc494 elementor-position-top elementor-widget elementor-widget-image-box\" data-id=\"08dc494\" data-element_type=\"widget\" data-e-type=\"widget\" data-widget_type=\"image-box.default\">\n\t\t\t\t\t<div class=\"elementor-image-box-wrapper\"><figure class=\"elementor-image-box-img\"><a href=\"https:\/\/adpusach.cl\/wp\/wp-content\/uploads\/2026\/04\/Desafios-en-la-gestion-institucional-y-el-clima-laboral.docx\" tabindex=\"-1\"><img decoding=\"async\" width=\"813\" height=\"467\" src=\"data:image\/svg+xml,%3Csvg%20xmlns%3D&#39;http%3A%2F%2Fwww.w3.org%2F2000%2Fsvg&#39;%20width=&#39;813&#39;%20height=&#39;467&#39;%20viewBox%3D&#39;0%200%20813%20467&#39;%2F%3E\" data-czlz data-src=\"https:\/\/adpusach.cl\/wp\/wp-content\/uploads\/2026\/04\/Captura-de-pantalla-2026-04-14-001721.png\" class=\"attachment-full size-full wp-image-3571\" alt=\"\" data-srcset=\"https:\/\/adpusach.cl\/wp\/wp-content\/uploads\/2026\/04\/Captura-de-pantalla-2026-04-14-001721.png 813w, https:\/\/adpusach.cl\/wp\/wp-content\/uploads\/2026\/04\/Captura-de-pantalla-2026-04-14-001721-300x172.png 300w, https:\/\/adpusach.cl\/wp\/wp-content\/uploads\/2026\/04\/Captura-de-pantalla-2026-04-14-001721-768x441.png 768w, https:\/\/adpusach.cl\/wp\/wp-content\/uploads\/2026\/04\/Captura-de-pantalla-2026-04-14-001721-600x345.png 600w\" data-sizes=\"(max-width: 813px) 100vw, 813px\" \/><\/a><\/figure><div class=\"elementor-image-box-content\"><h3 class=\"elementor-image-box-title\"><a href=\"https:\/\/adpusach.cl\/wp\/wp-content\/uploads\/2026\/04\/Desafios-en-la-gestion-institucional-y-el-clima-laboral.docx\">Desaf\u00edos en la gesti\u00f3n institucional y el clima laboral<\/a><\/h3><p class=\"elementor-image-box-description\">Mario Gonz\u00e1lez, Director ADP<\/p><\/div><\/div>\t\t\t\t<\/div>\n\t\t\t\t<div class=\"elementor-element elementor-element-d6e93d0 elementor-position-top elementor-widget elementor-widget-image-box\" data-id=\"d6e93d0\" data-element_type=\"widget\" data-e-type=\"widget\" data-widget_type=\"image-box.default\">\n\t\t\t\t\t<div class=\"elementor-image-box-wrapper\"><figure class=\"elementor-image-box-img\"><a href=\"https:\/\/adpusach.cl\/wp\/wp-content\/uploads\/2026\/04\/Deterioro-financiero-y-desafios-de-sostenibilidad-en-la-gestion-universitaria.docx\" tabindex=\"-1\"><img loading=\"lazy\" decoding=\"async\" width=\"814\" height=\"492\" src=\"data:image\/svg+xml,%3Csvg%20xmlns%3D&#39;http%3A%2F%2Fwww.w3.org%2F2000%2Fsvg&#39;%20width=&#39;814&#39;%20height=&#39;492&#39;%20viewBox%3D&#39;0%200%20814%20492&#39;%2F%3E\" data-czlz data-src=\"https:\/\/adpusach.cl\/wp\/wp-content\/uploads\/2026\/04\/Captura-de-pantalla-2026-04-14-001740.png\" class=\"attachment-full size-full wp-image-3572\" alt=\"\" data-srcset=\"https:\/\/adpusach.cl\/wp\/wp-content\/uploads\/2026\/04\/Captura-de-pantalla-2026-04-14-001740.png 814w, https:\/\/adpusach.cl\/wp\/wp-content\/uploads\/2026\/04\/Captura-de-pantalla-2026-04-14-001740-300x181.png 300w, https:\/\/adpusach.cl\/wp\/wp-content\/uploads\/2026\/04\/Captura-de-pantalla-2026-04-14-001740-768x464.png 768w, https:\/\/adpusach.cl\/wp\/wp-content\/uploads\/2026\/04\/Captura-de-pantalla-2026-04-14-001740-600x363.png 600w\" data-sizes=\"(max-width: 814px) 100vw, 814px\" \/><\/a><\/figure><div class=\"elementor-image-box-content\"><h3 class=\"elementor-image-box-title\"><a href=\"https:\/\/adpusach.cl\/wp\/wp-content\/uploads\/2026\/04\/Deterioro-financiero-y-desafios-de-sostenibilidad-en-la-gestion-universitaria.docx\">Deterioro financiero y desaf\u00edos de sostenibilidad en la gesti\u00f3n universitaria<\/a><\/h3><p class=\"elementor-image-box-description\">Betsy Saavedra, Directora ADP<\/p><\/div><\/div>\t\t\t\t<\/div>\n\t\t\t\t<div class=\"elementor-element elementor-element-370f94e elementor-position-top elementor-widget elementor-widget-image-box\" data-id=\"370f94e\" data-element_type=\"widget\" data-e-type=\"widget\" data-widget_type=\"image-box.default\">\n\t\t\t\t\t<div class=\"elementor-image-box-wrapper\"><figure class=\"elementor-image-box-img\"><a href=\"https:\/\/adpusach.cl\/wp\/wp-content\/uploads\/2026\/04\/ADP-Enrique-Acosta-Planteamiento-Dialogo-candidaturas-rectoria-20-03-2026.pdf\" tabindex=\"-1\"><img loading=\"lazy\" decoding=\"async\" width=\"812\" height=\"497\" src=\"data:image\/svg+xml,%3Csvg%20xmlns%3D&#39;http%3A%2F%2Fwww.w3.org%2F2000%2Fsvg&#39;%20width=&#39;812&#39;%20height=&#39;497&#39;%20viewBox%3D&#39;0%200%20812%20497&#39;%2F%3E\" data-czlz data-src=\"https:\/\/adpusach.cl\/wp\/wp-content\/uploads\/2026\/04\/Captura-de-pantalla-2026-04-14-001805.png\" class=\"attachment-full size-full wp-image-3573\" alt=\"\" data-srcset=\"https:\/\/adpusach.cl\/wp\/wp-content\/uploads\/2026\/04\/Captura-de-pantalla-2026-04-14-001805.png 812w, https:\/\/adpusach.cl\/wp\/wp-content\/uploads\/2026\/04\/Captura-de-pantalla-2026-04-14-001805-300x184.png 300w, https:\/\/adpusach.cl\/wp\/wp-content\/uploads\/2026\/04\/Captura-de-pantalla-2026-04-14-001805-768x470.png 768w, https:\/\/adpusach.cl\/wp\/wp-content\/uploads\/2026\/04\/Captura-de-pantalla-2026-04-14-001805-600x367.png 600w\" data-sizes=\"(max-width: 812px) 100vw, 812px\" \/><\/a><\/figure><div class=\"elementor-image-box-content\"><h3 class=\"elementor-image-box-title\"><a href=\"https:\/\/adpusach.cl\/wp\/wp-content\/uploads\/2026\/04\/ADP-Enrique-Acosta-Planteamiento-Dialogo-candidaturas-rectoria-20-03-2026.pdf\">Desaf\u00edos y tensiones en la gesti\u00f3n acad\u00e9mica y laboral universitaria<\/a><\/h3><p class=\"elementor-image-box-description\">Enrique Acosta, Presidente ADP<\/p><\/div><\/div>\t\t\t\t<\/div>\n\t\t\t\t<\/div>\n\t\t\t\t\t<\/div>\n\t\t\t\t<\/div>\n\t\t<div class=\"elementor-element elementor-element-0003741 codevz-con-stretch-yes e-con-full e-flex e-con e-parent\" data-id=\"0003741\" data-element_type=\"container\" data-e-type=\"container\" data-settings=\"{&quot;background_background&quot;:&quot;classic&quot;,&quot;position&quot;:&quot;absolute&quot;}\">\n\t\t<div class=\"elementor-element elementor-element-d8e1caf e-grid e-con-full e-con e-child\" data-id=\"d8e1caf\" data-element_type=\"container\" data-e-type=\"container\">\n\t\t\t\t<div class=\"elementor-element elementor-element-34973cc elementor-position-inline-start elementor-view-default elementor-mobile-position-block-start elementor-widget elementor-widget-icon-box\" data-id=\"34973cc\" data-element_type=\"widget\" data-e-type=\"widget\" data-widget_type=\"icon-box.default\">\n\t\t\t\t\t\t\t<div class=\"elementor-icon-box-wrapper\">\n\n\t\t\t\t\t\t<div class=\"elementor-icon-box-icon\">\n\t\t\t\t<a href=\"https:\/\/web.facebook.com\/adp.usach\" class=\"elementor-icon\" tabindex=\"-1\" aria-label=\"facebook.com\/adp.usach\">\n\t\t\t\t<i aria-hidden=\"true\" class=\"fab fa-facebook\"><\/i>\t\t\t\t<\/a>\n\t\t\t<\/div>\n\t\t\t\n\t\t\t\t\t\t<div class=\"elementor-icon-box-content\">\n\n\t\t\t\t\t\t\t\t\t<h3 class=\"elementor-icon-box-title\">\n\t\t\t\t\t\t<a href=\"https:\/\/web.facebook.com\/adp.usach\" >\n\t\t\t\t\t\t\tfacebook.com\/adp.usach\t\t\t\t\t\t<\/a>\n\t\t\t\t\t<\/h3>\n\t\t\t\t\n\t\t\t\t\n\t\t\t<\/div>\n\t\t\t\n\t\t<\/div>\n\t\t\t\t\t\t<\/div>\n\t\t\t\t<div class=\"elementor-element elementor-element-25e8e95 elementor-position-inline-start elementor-view-default elementor-mobile-position-block-start elementor-widget elementor-widget-icon-box\" data-id=\"25e8e95\" data-element_type=\"widget\" data-e-type=\"widget\" data-widget_type=\"icon-box.default\">\n\t\t\t\t\t\t\t<div class=\"elementor-icon-box-wrapper\">\n\n\t\t\t\t\t\t<div class=\"elementor-icon-box-icon\">\n\t\t\t\t<span  class=\"elementor-icon\">\n\t\t\t\t<i aria-hidden=\"true\" class=\"czi czico-090-mail-2\"><\/i>\t\t\t\t<\/span>\n\t\t\t<\/div>\n\t\t\t\n\t\t\t\t\t\t<div class=\"elementor-icon-box-content\">\n\n\t\t\t\t\t\t\t\t\t<h3 class=\"elementor-icon-box-title\">\n\t\t\t\t\t\t<span  >\n\t\t\t\t\t\t\tadpusach@usach.cl\t\t\t\t\t\t<\/span>\n\t\t\t\t\t<\/h3>\n\t\t\t\t\n\t\t\t\t\n\t\t\t<\/div>\n\t\t\t\n\t\t<\/div>\n\t\t\t\t\t\t<\/div>\n\t\t\t\t<div class=\"elementor-element elementor-element-26ec7a7 elementor-position-inline-start elementor-view-default elementor-mobile-position-block-start elementor-widget elementor-widget-icon-box\" data-id=\"26ec7a7\" data-element_type=\"widget\" data-e-type=\"widget\" data-widget_type=\"icon-box.default\">\n\t\t\t\t\t\t\t<div class=\"elementor-icon-box-wrapper\">\n\n\t\t\t\t\t\t<div class=\"elementor-icon-box-icon\">\n\t\t\t\t<a href=\"https:\/\/www.instagram.com\/adp_usachoficial\/\" class=\"elementor-icon\" tabindex=\"-1\" aria-label=\"@adp_usachoficial\">\n\t\t\t\t<i aria-hidden=\"true\" class=\"fab fa-instagram\"><\/i>\t\t\t\t<\/a>\n\t\t\t<\/div>\n\t\t\t\n\t\t\t\t\t\t<div class=\"elementor-icon-box-content\">\n\n\t\t\t\t\t\t\t\t\t<h3 class=\"elementor-icon-box-title\">\n\t\t\t\t\t\t<a href=\"https:\/\/www.instagram.com\/adp_usachoficial\/\" >\n\t\t\t\t\t\t\t@adp_usachoficial\t\t\t\t\t\t<\/a>\n\t\t\t\t\t<\/h3>\n\t\t\t\t\n\t\t\t\t\n\t\t\t<\/div>\n\t\t\t\n\t\t<\/div>\n\t\t\t\t\t\t<\/div>\n\t\t\t\t<div class=\"elementor-element elementor-element-cf13c02 elementor-position-inline-start elementor-view-default elementor-mobile-position-block-start elementor-widget elementor-widget-icon-box\" data-id=\"cf13c02\" data-element_type=\"widget\" data-e-type=\"widget\" data-widget_type=\"icon-box.default\">\n\t\t\t\t\t\t\t<div class=\"elementor-icon-box-wrapper\">\n\n\t\t\t\t\t\t<div class=\"elementor-icon-box-icon\">\n\t\t\t\t<a href=\"https:\/\/www.youtube.com\/@adpusach\" class=\"elementor-icon\" tabindex=\"-1\" aria-label=\"youtube.com\/@adpusach\">\n\t\t\t\t<i aria-hidden=\"true\" class=\"fab fa-youtube\"><\/i>\t\t\t\t<\/a>\n\t\t\t<\/div>\n\t\t\t\n\t\t\t\t\t\t<div class=\"elementor-icon-box-content\">\n\n\t\t\t\t\t\t\t\t\t<h3 class=\"elementor-icon-box-title\">\n\t\t\t\t\t\t<a href=\"https:\/\/www.youtube.com\/@adpusach\" >\n\t\t\t\t\t\t\tyoutube.com\/@adpusach\t\t\t\t\t\t<\/a>\n\t\t\t\t\t<\/h3>\n\t\t\t\t\n\t\t\t\t\n\t\t\t<\/div>\n\t\t\t\n\t\t<\/div>\n\t\t\t\t\t\t<\/div>\n\t\t\t\t<\/div>\n\t\t\t\t<\/div>\n\t\t\t\t<\/div>\n\t\t","protected":false},"excerpt":{"rendered":"<p>Inicio Nosotros Servicios Preguntas Frecuentes Noticias Reflexiones Reflexiones En esta secci\u00f3n se comparten opiniones y reflexiones de las y los integrantes del Directorio de la ADP sobre temas de contingencia que impactan a la comunidad universitaria, con el prop\u00f3sito de aportar al an\u00e1lisis y la discusi\u00f3n informada. A trav\u00e9s de este espacio, la ADP busca [&hellip;]<\/p>\n","protected":false},"author":5,"featured_media":0,"parent":0,"menu_order":0,"comment_status":"closed","ping_status":"closed","template":"","meta":{"_view_id":"","footnotes":""},"class_list":["post-3489","page","type-page","status-publish","hentry"],"_links":{"self":[{"href":"https:\/\/adpusach.cl\/wp\/wp-json\/wp\/v2\/pages\/3489","targetHints":{"allow":["GET"]}}],"collection":[{"href":"https:\/\/adpusach.cl\/wp\/wp-json\/wp\/v2\/pages"}],"about":[{"href":"https:\/\/adpusach.cl\/wp\/wp-json\/wp\/v2\/types\/page"}],"author":[{"embeddable":true,"href":"https:\/\/adpusach.cl\/wp\/wp-json\/wp\/v2\/users\/5"}],"replies":[{"embeddable":true,"href":"https:\/\/adpusach.cl\/wp\/wp-json\/wp\/v2\/comments?post=3489"}],"version-history":[{"count":15,"href":"https:\/\/adpusach.cl\/wp\/wp-json\/wp\/v2\/pages\/3489\/revisions"}],"predecessor-version":[{"id":3581,"href":"https:\/\/adpusach.cl\/wp\/wp-json\/wp\/v2\/pages\/3489\/revisions\/3581"}],"wp:attachment":[{"href":"https:\/\/adpusach.cl\/wp\/wp-json\/wp\/v2\/media?parent=3489"}],"curies":[{"name":"wp","href":"https:\/\/api.w.org\/{rel}","templated":true}]}}