{"id":3416,"date":"2026-03-18T17:30:28","date_gmt":"2026-03-18T17:30:28","guid":{"rendered":"https:\/\/adpusach.cl\/wp\/?page_id=3416"},"modified":"2026-04-14T03:29:50","modified_gmt":"2026-04-14T03:29:50","slug":"adp-logra-la-intervencion-de-la-contraloria-general-de-la-republica-en-investigacion-por-acoso-laboral","status":"publish","type":"page","link":"https:\/\/adpusach.cl\/wp\/adp-logra-la-intervencion-de-la-contraloria-general-de-la-republica-en-investigacion-por-acoso-laboral\/","title":{"rendered":"ADP logra la intervenci\u00f3n de la Contralor\u00eda General de la Rep\u00fablica en investigaci\u00f3n por acoso laboral"},"content":{"rendered":"\t\t<div data-elementor-type=\"wp-page\" data-elementor-id=\"3416\" class=\"elementor elementor-3416\">\n\t\t\t\t<div class=\"elementor-element elementor-element-36846d7 codevz-con-stretch-yes e-con-full e-flex e-con e-parent\" data-id=\"36846d7\" data-element_type=\"container\" data-e-type=\"container\">\n\t\t\t\t<div class=\"elementor-element elementor-element-c3a6057 elementor-widget__width-inherit elementor-widget elementor-widget-image\" data-id=\"c3a6057\" data-element_type=\"widget\" data-e-type=\"widget\" data-widget_type=\"image.default\">\n\t\t\t\t\t\t\t\t\t\t\t\t\t\t\t<img fetchpriority=\"high\" decoding=\"async\" width=\"2000\" height=\"444\" src=\"data:image\/svg+xml,%3Csvg%20xmlns%3D&#39;http%3A%2F%2Fwww.w3.org%2F2000%2Fsvg&#39;%20width=&#39;2000&#39;%20height=&#39;444&#39;%20viewBox%3D&#39;0%200%202000%20444&#39;%2F%3E\" data-czlz data-src=\"https:\/\/adpusach.cl\/wp\/wp-content\/uploads\/2025\/12\/Sin-titulo-9-x-3-in-9-x-2-in-1-1.png\" class=\"attachment-full size-full wp-image-2646\" alt=\"\" data-srcset=\"https:\/\/adpusach.cl\/wp\/wp-content\/uploads\/2025\/12\/Sin-titulo-9-x-3-in-9-x-2-in-1-1.png 2000w, https:\/\/adpusach.cl\/wp\/wp-content\/uploads\/2025\/12\/Sin-titulo-9-x-3-in-9-x-2-in-1-1-300x67.png 300w, https:\/\/adpusach.cl\/wp\/wp-content\/uploads\/2025\/12\/Sin-titulo-9-x-3-in-9-x-2-in-1-1-1024x227.png 1024w, https:\/\/adpusach.cl\/wp\/wp-content\/uploads\/2025\/12\/Sin-titulo-9-x-3-in-9-x-2-in-1-1-768x170.png 768w, https:\/\/adpusach.cl\/wp\/wp-content\/uploads\/2025\/12\/Sin-titulo-9-x-3-in-9-x-2-in-1-1-1536x341.png 1536w, https:\/\/adpusach.cl\/wp\/wp-content\/uploads\/2025\/12\/Sin-titulo-9-x-3-in-9-x-2-in-1-1-600x133.png 600w\" data-sizes=\"(max-width: 2000px) 100vw, 2000px\" \/>\t\t\t\t\t\t\t\t\t\t\t\t\t\t\t<\/div>\n\t\t\t\t<\/div>\n\t\t<div class=\"elementor-element elementor-element-c3ab897 e-grid codevz-con-stretch-yes e-con-boxed e-con e-parent\" data-id=\"c3ab897\" data-element_type=\"container\" data-e-type=\"container\" data-settings=\"{&quot;background_background&quot;:&quot;classic&quot;}\">\n\t\t\t\t\t<div class=\"e-con-inner\">\n\t\t\t\t<div class=\"elementor-element elementor-element-aba5083 elementor-align-right elementor-widget elementor-widget-button\" data-id=\"aba5083\" data-element_type=\"widget\" data-e-type=\"widget\" data-widget_type=\"button.default\">\n\t\t\t\t\t\t\t\t\t\t<a class=\"elementor-button elementor-button-link elementor-size-sm\" href=\"https:\/\/adpusach.cl\/wp\">\n\t\t\t\t\t\t<span class=\"elementor-button-content-wrapper\">\n\t\t\t\t\t\t\t\t\t<span class=\"elementor-button-text\">Inicio<\/span>\n\t\t\t\t\t<\/span>\n\t\t\t\t\t<\/a>\n\t\t\t\t\t\t\t\t<\/div>\n\t\t\t\t<div class=\"elementor-element elementor-element-27c7c97 elementor-align-right elementor-widget elementor-widget-button\" data-id=\"27c7c97\" data-element_type=\"widget\" data-e-type=\"widget\" data-widget_type=\"button.default\">\n\t\t\t\t\t\t\t\t\t\t<a class=\"elementor-button elementor-button-link elementor-size-sm\" href=\"https:\/\/adpusach.cl\/wp\/nosotros\">\n\t\t\t\t\t\t<span class=\"elementor-button-content-wrapper\">\n\t\t\t\t\t\t\t\t\t<span class=\"elementor-button-text\">Nosotros<\/span>\n\t\t\t\t\t<\/span>\n\t\t\t\t\t<\/a>\n\t\t\t\t\t\t\t\t<\/div>\n\t\t\t\t<div class=\"elementor-element elementor-element-b666f9a elementor-align-right elementor-widget elementor-widget-button\" data-id=\"b666f9a\" data-element_type=\"widget\" data-e-type=\"widget\" data-widget_type=\"button.default\">\n\t\t\t\t\t\t\t\t\t\t<a class=\"elementor-button elementor-button-link elementor-size-sm\" href=\"https:\/\/adpusach.cl\/wp\/servicios\">\n\t\t\t\t\t\t<span class=\"elementor-button-content-wrapper\">\n\t\t\t\t\t\t\t\t\t<span class=\"elementor-button-text\">Servicios<\/span>\n\t\t\t\t\t<\/span>\n\t\t\t\t\t<\/a>\n\t\t\t\t\t\t\t\t<\/div>\n\t\t\t\t<div class=\"elementor-element elementor-element-88c0057 elementor-align-center elementor-widget elementor-widget-button\" data-id=\"88c0057\" data-element_type=\"widget\" data-e-type=\"widget\" data-widget_type=\"button.default\">\n\t\t\t\t\t\t\t\t\t\t<a class=\"elementor-button elementor-button-link elementor-size-sm\" href=\"https:\/\/adpusach.cl\/wp\/preguntas-frecuentes\/\">\n\t\t\t\t\t\t<span class=\"elementor-button-content-wrapper\">\n\t\t\t\t\t\t\t\t\t<span class=\"elementor-button-text\">Preguntas Frecuentes<\/span>\n\t\t\t\t\t<\/span>\n\t\t\t\t\t<\/a>\n\t\t\t\t\t\t\t\t<\/div>\n\t\t\t\t<div class=\"elementor-element elementor-element-faeb1bd elementor-align-center elementor-widget elementor-widget-button\" data-id=\"faeb1bd\" data-element_type=\"widget\" data-e-type=\"widget\" data-widget_type=\"button.default\">\n\t\t\t\t\t\t\t\t\t\t<a class=\"elementor-button elementor-button-link elementor-size-sm\" href=\"https:\/\/adpusach.cl\/wp\/noticias\">\n\t\t\t\t\t\t<span class=\"elementor-button-content-wrapper\">\n\t\t\t\t\t\t\t\t\t<span class=\"elementor-button-text\">Noticias<\/span>\n\t\t\t\t\t<\/span>\n\t\t\t\t\t<\/a>\n\t\t\t\t\t\t\t\t<\/div>\n\t\t\t\t<div class=\"elementor-element elementor-element-a2cfb86 elementor-align-center elementor-widget elementor-widget-button\" data-id=\"a2cfb86\" data-element_type=\"widget\" data-e-type=\"widget\" data-widget_type=\"button.default\">\n\t\t\t\t\t\t\t\t\t\t<a class=\"elementor-button elementor-button-link elementor-size-sm\" href=\"https:\/\/adpusach.cl\/wp\/reflexiones\/\">\n\t\t\t\t\t\t<span class=\"elementor-button-content-wrapper\">\n\t\t\t\t\t\t\t\t\t<span class=\"elementor-button-text\">Reflexiones<\/span>\n\t\t\t\t\t<\/span>\n\t\t\t\t\t<\/a>\n\t\t\t\t\t\t\t\t<\/div>\n\t\t\t\t\t<\/div>\n\t\t\t\t<\/div>\n\t\t<div class=\"elementor-element elementor-element-7eff9a3 e-flex e-con-boxed e-con e-parent\" data-id=\"7eff9a3\" data-element_type=\"container\" data-e-type=\"container\">\n\t\t\t\t\t<div class=\"e-con-inner\">\n\t\t\t\t<div class=\"elementor-element elementor-element-05897ab elementor-widget elementor-widget-heading\" data-id=\"05897ab\" data-element_type=\"widget\" data-e-type=\"widget\" data-widget_type=\"heading.default\">\n\t\t\t\t\t<h2 class=\"elementor-heading-title elementor-size-default\"><span style=\"font-size: 43px\">ADP logra la intervenci\u00f3n de la Contralor\u00eda General de la Rep\u00fablica en investigaci\u00f3n por acoso laboral<\/span><\/h2>\t\t\t\t<\/div>\n\t\t\t\t<div class=\"elementor-element elementor-element-90ecf3d elementor-widget elementor-widget-text-editor\" data-id=\"90ecf3d\" data-element_type=\"widget\" data-e-type=\"widget\" data-widget_type=\"text-editor.default\">\n\t\t\t\t\t\t\t\t\t<p>Mi\u00e9rcoles 18 de marzo<\/p>\t\t\t\t\t\t\t\t<\/div>\n\t\t\t\t<div class=\"elementor-element elementor-element-5bed801 elementor-widget elementor-widget-image\" data-id=\"5bed801\" data-element_type=\"widget\" data-e-type=\"widget\" data-widget_type=\"image.default\">\n\t\t\t\t\t\t\t\t\t\t\t\t\t\t\t<img decoding=\"async\" width=\"800\" height=\"533\" src=\"data:image\/svg+xml,%3Csvg%20xmlns%3D&#39;http%3A%2F%2Fwww.w3.org%2F2000%2Fsvg&#39;%20width=&#39;800&#39;%20height=&#39;533&#39;%20viewBox%3D&#39;0%200%20800%20533&#39;%2F%3E\" data-czlz data-src=\"https:\/\/adpusach.cl\/wp\/wp-content\/uploads\/2026\/03\/FOTO-CONTRALORIA.webp\" class=\"attachment-large size-large wp-image-3418\" alt=\"\" data-srcset=\"https:\/\/adpusach.cl\/wp\/wp-content\/uploads\/2026\/03\/FOTO-CONTRALORIA.webp 900w, https:\/\/adpusach.cl\/wp\/wp-content\/uploads\/2026\/03\/FOTO-CONTRALORIA-300x200.webp 300w, https:\/\/adpusach.cl\/wp\/wp-content\/uploads\/2026\/03\/FOTO-CONTRALORIA-768x512.webp 768w, https:\/\/adpusach.cl\/wp\/wp-content\/uploads\/2026\/03\/FOTO-CONTRALORIA-600x400.webp 600w, https:\/\/adpusach.cl\/wp\/wp-content\/uploads\/2026\/03\/FOTO-CONTRALORIA-272x182.webp 272w\" data-sizes=\"(max-width: 800px) 100vw, 800px\" \/>\t\t\t\t\t\t\t\t\t\t\t\t\t\t\t<\/div>\n\t\t\t\t\t<\/div>\n\t\t\t\t<\/div>\n\t\t<div class=\"elementor-element elementor-element-7f6f8b6 e-flex e-con-boxed e-con e-parent\" data-id=\"7f6f8b6\" data-element_type=\"container\" data-e-type=\"container\">\n\t\t\t\t\t<div class=\"e-con-inner\">\n\t\t\t\t<div class=\"elementor-element elementor-element-3f9cf23 elementor-widget elementor-widget-text-editor\" data-id=\"3f9cf23\" data-element_type=\"widget\" data-e-type=\"widget\" data-widget_type=\"text-editor.default\">\n\t\t\t\t\t\t\t\t\t<p>Informamos a nuestras socias y socios que, por primera vez desde la entrada en vigencia de la denominada Ley Karin, la Contralor\u00eda General de la Rep\u00fablica ha resuelto sustanciar un procedimiento disciplinario a trav\u00e9s de su propia Fiscal\u00eda Administrativa, a partir de una denuncia que fue respaldada por nuestra Asociaci\u00f3n.<\/p><p>Este proceso ser\u00e1 llevado \u00edntegramente por el ente contralor, incluyendo tanto la investigaci\u00f3n como la decisi\u00f3n final, lo que marca un precedente relevante en la aplicaci\u00f3n de esta normativa.<\/p><p>Este hecho constituye un hito significativo en nuestra gesti\u00f3n, ya que representa un avance concreto en la defensa y protecci\u00f3n de nuestras socias y socios. Asimismo, da cuenta de la efectividad de los mecanismos institucionales disponibles para abordar situaciones de acoso laboral y otras vulneraciones de derechos al interior de la universidad.<\/p><p>Valoramos especialmente esta decisi\u00f3n, en cuanto reafirma la importancia del acompa\u00f1amiento y respaldo institucional a quienes denuncian, como una herramienta clave para garantizar el respeto de sus derechos y el adecuado desarrollo de las investigaciones.<\/p><p>Reiteramos nuestro compromiso de continuar trabajando con convicci\u00f3n para resguardar la dignidad, integridad y condiciones laborales de todas y todos nuestros socios y socias.<\/p>\t\t\t\t\t\t\t\t<\/div>\n\t\t\t\t\t<\/div>\n\t\t\t\t<\/div>\n\t\t\t\t<\/div>\n\t\t","protected":false},"excerpt":{"rendered":"<p>Inicio Nosotros Servicios Preguntas Frecuentes Noticias Reflexiones ADP logra la intervenci\u00f3n de la Contralor\u00eda General de la Rep\u00fablica en investigaci\u00f3n por acoso laboral Mi\u00e9rcoles 18 de marzo Informamos a nuestras socias y socios que, por primera vez desde la entrada en vigencia de la denominada Ley Karin, la Contralor\u00eda General de la Rep\u00fablica ha resuelto [&hellip;]<\/p>\n","protected":false},"author":5,"featured_media":0,"parent":0,"menu_order":0,"comment_status":"closed","ping_status":"closed","template":"","meta":{"_view_id":"","footnotes":""},"class_list":["post-3416","page","type-page","status-publish","hentry"],"_links":{"self":[{"href":"https:\/\/adpusach.cl\/wp\/wp-json\/wp\/v2\/pages\/3416","targetHints":{"allow":["GET"]}}],"collection":[{"href":"https:\/\/adpusach.cl\/wp\/wp-json\/wp\/v2\/pages"}],"about":[{"href":"https:\/\/adpusach.cl\/wp\/wp-json\/wp\/v2\/types\/page"}],"author":[{"embeddable":true,"href":"https:\/\/adpusach.cl\/wp\/wp-json\/wp\/v2\/users\/5"}],"replies":[{"embeddable":true,"href":"https:\/\/adpusach.cl\/wp\/wp-json\/wp\/v2\/comments?post=3416"}],"version-history":[{"count":12,"href":"https:\/\/adpusach.cl\/wp\/wp-json\/wp\/v2\/pages\/3416\/revisions"}],"predecessor-version":[{"id":3532,"href":"https:\/\/adpusach.cl\/wp\/wp-json\/wp\/v2\/pages\/3416\/revisions\/3532"}],"wp:attachment":[{"href":"https:\/\/adpusach.cl\/wp\/wp-json\/wp\/v2\/media?parent=3416"}],"curies":[{"name":"wp","href":"https:\/\/api.w.org\/{rel}","templated":true}]}}