{"id":3191,"date":"2025-12-22T16:03:52","date_gmt":"2025-12-22T16:03:52","guid":{"rendered":"https:\/\/adpusach.cl\/wp\/?page_id=3191"},"modified":"2026-04-14T03:27:31","modified_gmt":"2026-04-14T03:27:31","slug":"adp-se-reune-con-rector-s-para-presentar-pliego-de-demandas-y-abordar-casos-de-socias-y-socios","status":"publish","type":"page","link":"https:\/\/adpusach.cl\/wp\/adp-se-reune-con-rector-s-para-presentar-pliego-de-demandas-y-abordar-casos-de-socias-y-socios\/","title":{"rendered":"Pliego de Demandas"},"content":{"rendered":"\t\t<div data-elementor-type=\"wp-page\" data-elementor-id=\"3191\" class=\"elementor elementor-3191\">\n\t\t\t\t<div class=\"elementor-element elementor-element-8bf76da codevz-con-stretch-yes e-con-full e-flex e-con e-parent\" data-id=\"8bf76da\" data-element_type=\"container\" data-e-type=\"container\">\n\t\t\t\t<div class=\"elementor-element elementor-element-202e2a5 elementor-widget__width-inherit elementor-widget-mobile__width-inherit elementor-widget elementor-widget-image\" data-id=\"202e2a5\" data-element_type=\"widget\" data-e-type=\"widget\" data-widget_type=\"image.default\">\n\t\t\t\t\t\t\t\t\t\t\t\t\t\t\t<img fetchpriority=\"high\" decoding=\"async\" width=\"2000\" height=\"444\" src=\"data:image\/svg+xml,%3Csvg%20xmlns%3D&#39;http%3A%2F%2Fwww.w3.org%2F2000%2Fsvg&#39;%20width=&#39;2000&#39;%20height=&#39;444&#39;%20viewBox%3D&#39;0%200%202000%20444&#39;%2F%3E\" data-czlz data-src=\"https:\/\/adpusach.cl\/wp\/wp-content\/uploads\/2025\/12\/Sin-titulo-9-x-3-in-9-x-2-in-1.png\" class=\"attachment-full size-full wp-image-2216\" alt=\"\" \/>\t\t\t\t\t\t\t\t\t\t\t\t\t\t\t<\/div>\n\t\t\t\t<\/div>\n\t\t<div class=\"elementor-element elementor-element-9526345 e-grid codevz-con-stretch-yes e-con-boxed e-con e-parent\" data-id=\"9526345\" data-element_type=\"container\" data-e-type=\"container\" data-settings=\"{&quot;background_background&quot;:&quot;classic&quot;}\">\n\t\t\t\t\t<div class=\"e-con-inner\">\n\t\t\t\t<div class=\"elementor-element elementor-element-d602a4f elementor-align-right elementor-widget elementor-widget-button\" data-id=\"d602a4f\" data-element_type=\"widget\" data-e-type=\"widget\" data-widget_type=\"button.default\">\n\t\t\t\t\t\t\t\t\t\t<a class=\"elementor-button elementor-button-link elementor-size-sm\" href=\"https:\/\/adpusach.cl\/wp\">\n\t\t\t\t\t\t<span class=\"elementor-button-content-wrapper\">\n\t\t\t\t\t\t\t\t\t<span class=\"elementor-button-text\">Inicio<\/span>\n\t\t\t\t\t<\/span>\n\t\t\t\t\t<\/a>\n\t\t\t\t\t\t\t\t<\/div>\n\t\t\t\t<div class=\"elementor-element elementor-element-b604375 elementor-align-right elementor-widget elementor-widget-button\" data-id=\"b604375\" data-element_type=\"widget\" data-e-type=\"widget\" data-widget_type=\"button.default\">\n\t\t\t\t\t\t\t\t\t\t<a class=\"elementor-button elementor-button-link elementor-size-sm\" href=\"https:\/\/adpusach.cl\/wp\/nosotros\">\n\t\t\t\t\t\t<span class=\"elementor-button-content-wrapper\">\n\t\t\t\t\t\t\t\t\t<span class=\"elementor-button-text\">Nosotros<\/span>\n\t\t\t\t\t<\/span>\n\t\t\t\t\t<\/a>\n\t\t\t\t\t\t\t\t<\/div>\n\t\t\t\t<div class=\"elementor-element elementor-element-004a743 elementor-align-right elementor-widget elementor-widget-button\" data-id=\"004a743\" data-element_type=\"widget\" data-e-type=\"widget\" data-widget_type=\"button.default\">\n\t\t\t\t\t\t\t\t\t\t<a class=\"elementor-button elementor-button-link elementor-size-sm\" href=\"https:\/\/adpusach.cl\/wp\/servicios\">\n\t\t\t\t\t\t<span class=\"elementor-button-content-wrapper\">\n\t\t\t\t\t\t\t\t\t<span class=\"elementor-button-text\">Servicios<\/span>\n\t\t\t\t\t<\/span>\n\t\t\t\t\t<\/a>\n\t\t\t\t\t\t\t\t<\/div>\n\t\t\t\t<div class=\"elementor-element elementor-element-a4317d4 elementor-align-center elementor-widget elementor-widget-button\" data-id=\"a4317d4\" data-element_type=\"widget\" data-e-type=\"widget\" data-widget_type=\"button.default\">\n\t\t\t\t\t\t\t\t\t\t<a class=\"elementor-button elementor-button-link elementor-size-sm\" href=\"https:\/\/adpusach.cl\/wp\/preguntas-frecuentes\/\">\n\t\t\t\t\t\t<span class=\"elementor-button-content-wrapper\">\n\t\t\t\t\t\t\t\t\t<span class=\"elementor-button-text\">Preguntas Frecuentes<\/span>\n\t\t\t\t\t<\/span>\n\t\t\t\t\t<\/a>\n\t\t\t\t\t\t\t\t<\/div>\n\t\t\t\t<div class=\"elementor-element elementor-element-9a3ea07 elementor-align-center elementor-widget elementor-widget-button\" data-id=\"9a3ea07\" data-element_type=\"widget\" data-e-type=\"widget\" data-widget_type=\"button.default\">\n\t\t\t\t\t\t\t\t\t\t<a class=\"elementor-button elementor-button-link elementor-size-sm\" href=\"https:\/\/adpusach.cl\/wp\/noticias\">\n\t\t\t\t\t\t<span class=\"elementor-button-content-wrapper\">\n\t\t\t\t\t\t\t\t\t<span class=\"elementor-button-text\">Noticias<\/span>\n\t\t\t\t\t<\/span>\n\t\t\t\t\t<\/a>\n\t\t\t\t\t\t\t\t<\/div>\n\t\t\t\t<div class=\"elementor-element elementor-element-bb5c63e elementor-align-center elementor-widget elementor-widget-button\" data-id=\"bb5c63e\" data-element_type=\"widget\" data-e-type=\"widget\" data-widget_type=\"button.default\">\n\t\t\t\t\t\t\t\t\t\t<a class=\"elementor-button elementor-button-link elementor-size-sm\" href=\"https:\/\/adpusach.cl\/wp\/reflexiones\/\">\n\t\t\t\t\t\t<span class=\"elementor-button-content-wrapper\">\n\t\t\t\t\t\t\t\t\t<span class=\"elementor-button-text\">Reflexiones<\/span>\n\t\t\t\t\t<\/span>\n\t\t\t\t\t<\/a>\n\t\t\t\t\t\t\t\t<\/div>\n\t\t\t\t\t<\/div>\n\t\t\t\t<\/div>\n\t\t<div class=\"elementor-element elementor-element-af66870 e-flex e-con-boxed e-con e-parent\" data-id=\"af66870\" data-element_type=\"container\" data-e-type=\"container\">\n\t\t\t\t\t<div class=\"e-con-inner\">\n\t\t\t\t<div class=\"elementor-element elementor-element-a8e8855 elementor-widget elementor-widget-heading\" data-id=\"a8e8855\" data-element_type=\"widget\" data-e-type=\"widget\" data-widget_type=\"heading.default\">\n\t\t\t\t\t<h2 class=\"elementor-heading-title elementor-size-default\">ADP se re\u00fane con rector (S) para presentar pliego de demandas y abordar casos de socias y socios<\/h2>\t\t\t\t<\/div>\n\t\t\t\t<div class=\"elementor-element elementor-element-5b44691 elementor-widget elementor-widget-text-editor\" data-id=\"5b44691\" data-element_type=\"widget\" data-e-type=\"widget\" data-widget_type=\"text-editor.default\">\n\t\t\t\t\t\t\t\t\t<p><span style=\"font-size: 17px;\"><em>\u00a0 Martes 16 de diciembre 2025<\/em><\/span><\/p>\t\t\t\t\t\t\t\t<\/div>\n\t\t\t\t<div class=\"elementor-element elementor-element-0df456f elementor-widget elementor-widget-image\" data-id=\"0df456f\" data-element_type=\"widget\" data-e-type=\"widget\" data-widget_type=\"image.default\">\n\t\t\t\t\t\t\t\t\t\t\t\t\t\t\t<img decoding=\"async\" width=\"800\" height=\"534\" src=\"data:image\/svg+xml,%3Csvg%20xmlns%3D&#39;http%3A%2F%2Fwww.w3.org%2F2000%2Fsvg&#39;%20width=&#39;800&#39;%20height=&#39;534&#39;%20viewBox%3D&#39;0%200%20800%20534&#39;%2F%3E\" data-czlz data-src=\"https:\/\/adpusach.cl\/wp\/wp-content\/uploads\/2026\/01\/brillo-1024x683.jpg\" class=\"attachment-large size-large wp-image-3253\" alt=\"\" data-srcset=\"https:\/\/adpusach.cl\/wp\/wp-content\/uploads\/2026\/01\/brillo-1024x683.jpg 1024w, https:\/\/adpusach.cl\/wp\/wp-content\/uploads\/2026\/01\/brillo-300x200.jpg 300w, https:\/\/adpusach.cl\/wp\/wp-content\/uploads\/2026\/01\/brillo-768x512.jpg 768w, https:\/\/adpusach.cl\/wp\/wp-content\/uploads\/2026\/01\/brillo-1536x1024.jpg 1536w, https:\/\/adpusach.cl\/wp\/wp-content\/uploads\/2026\/01\/brillo-2048x1365.jpg 2048w, https:\/\/adpusach.cl\/wp\/wp-content\/uploads\/2026\/01\/brillo-600x400.jpg 600w, https:\/\/adpusach.cl\/wp\/wp-content\/uploads\/2026\/01\/brillo-272x182.jpg 272w\" data-sizes=\"(max-width: 800px) 100vw, 800px\" \/>\t\t\t\t\t\t\t\t\t\t\t\t\t\t\t<\/div>\n\t\t\t\t<div class=\"elementor-element elementor-element-f10a665 elementor-widget elementor-widget-text-editor\" data-id=\"f10a665\" data-element_type=\"widget\" data-e-type=\"widget\" data-widget_type=\"text-editor.default\">\n\t\t\t\t\t\t\t\t\t<p style=\"text-align: justify;\"><em>La Asociaci\u00f3n sostuvo un encuentro con la autoridad universitaria para exponer un documento compuesto por 14 puntos y dialogar sobre diversas materias laborales y administrativas.<\/em><\/p><p style=\"text-align: justify;\">La Asociaci\u00f3n de Funcionarios Profesionales y T\u00e9cnicos\u00a0 de la Universidad de Santiago de Chile (ADP) sostuvo el martes 16 de diciembre una reuni\u00f3n con el Rector (S) , Cristi\u00e1n Mu\u00f1oz Canales, con el objetivo de presentar y discutir un pliego de demandas, adem\u00e1s de abordar situaciones particulares que afectan a socias y socios.<\/p><p style=\"text-align: justify;\">Durante el encuentro, la directiva de la ADP expuso los lineamientos generales del documento, el cual contempla 14 puntos que recogen inquietudes hist\u00f3ricas y demandas actuales del estamento profesional y t\u00e9cnico. Entre las materias planteadas se encuentran aspectos relacionados con condiciones laborales, desarrollo de carrera funcionaria, reconocimiento del trabajo profesional, estabilidad laboral y fortalecimiento del di\u00e1logo institucional.<\/p><p style=\"text-align: justify;\">Asimismo, se relevaron algunos casos espec\u00edficos de socias y socios que requieren atenci\u00f3n por parte de la autoridad universitaria, los cuales fueron discutidos y analizados a cabalidad para buscar la pronta resoluci\u00f3n de cada situaci\u00f3n respectiva.<\/p><p style=\"text-align: justify;\">La ADP valora la instancia de di\u00e1logo, destacando la importancia de generar espacios formales de conversaci\u00f3n que permitan avanzar en soluciones concretas y en el fortalecimiento de las relaciones laborales al interior de la universidad. Con esto, seguimos\u00a0reafirmando el compromiso de continuar representando a nuestras socias y socios manteniendo un constante seguimiento a los casos planteados. Buscando siempre mejoras que contribuyan al bienestar laboral, al desarrollo institucional y a la defensa y lucha por los derechos de nuestros trabajadores.<\/p><p><a href=\"https:\/\/drive.google.com\/file\/d\/1mLYCkPWDfhsQ7CcXJRHaaHLOi1oO1mf-\/view?usp=sharing\" target=\"_blank\" rel=\"noopener\">Ac\u00e1 podr\u00e1s encontrar el pliego de demandas<\/a><\/p>\t\t\t\t\t\t\t\t<\/div>\n\t\t\t\t\t<\/div>\n\t\t\t\t<\/div>\n\t\t<div class=\"elementor-element elementor-element-8211c3c codevz-con-stretch-yes e-con-full e-flex e-con e-parent\" data-id=\"8211c3c\" data-element_type=\"container\" data-e-type=\"container\" data-settings=\"{&quot;background_background&quot;:&quot;classic&quot;,&quot;position&quot;:&quot;absolute&quot;}\">\n\t\t<div class=\"elementor-element elementor-element-7727db6 e-grid e-con-full e-con e-child\" data-id=\"7727db6\" data-element_type=\"container\" data-e-type=\"container\">\n\t\t\t\t<div class=\"elementor-element elementor-element-41cf336 elementor-position-inline-start elementor-view-default elementor-mobile-position-block-start elementor-widget elementor-widget-icon-box\" data-id=\"41cf336\" data-element_type=\"widget\" data-e-type=\"widget\" data-widget_type=\"icon-box.default\">\n\t\t\t\t\t\t\t<div class=\"elementor-icon-box-wrapper\">\n\n\t\t\t\t\t\t<div class=\"elementor-icon-box-icon\">\n\t\t\t\t<a href=\"https:\/\/web.facebook.com\/adp.usach\" class=\"elementor-icon\" tabindex=\"-1\" aria-label=\"facebook.com\/adp.usach\">\n\t\t\t\t<i aria-hidden=\"true\" class=\"fab fa-facebook\"><\/i>\t\t\t\t<\/a>\n\t\t\t<\/div>\n\t\t\t\n\t\t\t\t\t\t<div class=\"elementor-icon-box-content\">\n\n\t\t\t\t\t\t\t\t\t<h3 class=\"elementor-icon-box-title\">\n\t\t\t\t\t\t<a href=\"https:\/\/web.facebook.com\/adp.usach\" >\n\t\t\t\t\t\t\tfacebook.com\/adp.usach\t\t\t\t\t\t<\/a>\n\t\t\t\t\t<\/h3>\n\t\t\t\t\n\t\t\t\t\n\t\t\t<\/div>\n\t\t\t\n\t\t<\/div>\n\t\t\t\t\t\t<\/div>\n\t\t\t\t<div class=\"elementor-element elementor-element-c94e15f elementor-position-inline-start elementor-view-default elementor-mobile-position-block-start elementor-widget elementor-widget-icon-box\" data-id=\"c94e15f\" data-element_type=\"widget\" data-e-type=\"widget\" data-widget_type=\"icon-box.default\">\n\t\t\t\t\t\t\t<div class=\"elementor-icon-box-wrapper\">\n\n\t\t\t\t\t\t<div class=\"elementor-icon-box-icon\">\n\t\t\t\t<span  class=\"elementor-icon\">\n\t\t\t\t<i aria-hidden=\"true\" class=\"czi czico-090-mail-2\"><\/i>\t\t\t\t<\/span>\n\t\t\t<\/div>\n\t\t\t\n\t\t\t\t\t\t<div class=\"elementor-icon-box-content\">\n\n\t\t\t\t\t\t\t\t\t<h3 class=\"elementor-icon-box-title\">\n\t\t\t\t\t\t<span  >\n\t\t\t\t\t\t\tadpusach@usach.cl\t\t\t\t\t\t<\/span>\n\t\t\t\t\t<\/h3>\n\t\t\t\t\n\t\t\t\t\n\t\t\t<\/div>\n\t\t\t\n\t\t<\/div>\n\t\t\t\t\t\t<\/div>\n\t\t\t\t<div class=\"elementor-element elementor-element-c7a22e9 elementor-position-inline-start elementor-view-default elementor-mobile-position-block-start elementor-widget elementor-widget-icon-box\" data-id=\"c7a22e9\" data-element_type=\"widget\" data-e-type=\"widget\" data-widget_type=\"icon-box.default\">\n\t\t\t\t\t\t\t<div class=\"elementor-icon-box-wrapper\">\n\n\t\t\t\t\t\t<div class=\"elementor-icon-box-icon\">\n\t\t\t\t<a href=\"https:\/\/www.instagram.com\/adp_usachoficial\/\" class=\"elementor-icon\" tabindex=\"-1\" aria-label=\"@adp_usachoficial\">\n\t\t\t\t<i aria-hidden=\"true\" class=\"fab fa-instagram\"><\/i>\t\t\t\t<\/a>\n\t\t\t<\/div>\n\t\t\t\n\t\t\t\t\t\t<div class=\"elementor-icon-box-content\">\n\n\t\t\t\t\t\t\t\t\t<h3 class=\"elementor-icon-box-title\">\n\t\t\t\t\t\t<a href=\"https:\/\/www.instagram.com\/adp_usachoficial\/\" >\n\t\t\t\t\t\t\t@adp_usachoficial\t\t\t\t\t\t<\/a>\n\t\t\t\t\t<\/h3>\n\t\t\t\t\n\t\t\t\t\n\t\t\t<\/div>\n\t\t\t\n\t\t<\/div>\n\t\t\t\t\t\t<\/div>\n\t\t\t\t<div class=\"elementor-element elementor-element-5f045aa elementor-position-inline-start elementor-view-default elementor-mobile-position-block-start elementor-widget elementor-widget-icon-box\" data-id=\"5f045aa\" data-element_type=\"widget\" data-e-type=\"widget\" data-widget_type=\"icon-box.default\">\n\t\t\t\t\t\t\t<div class=\"elementor-icon-box-wrapper\">\n\n\t\t\t\t\t\t<div class=\"elementor-icon-box-icon\">\n\t\t\t\t<a href=\"https:\/\/www.youtube.com\/@adpusach\" class=\"elementor-icon\" tabindex=\"-1\" aria-label=\"youtube.com\/@adpusach\">\n\t\t\t\t<i aria-hidden=\"true\" class=\"fab fa-youtube\"><\/i>\t\t\t\t<\/a>\n\t\t\t<\/div>\n\t\t\t\n\t\t\t\t\t\t<div class=\"elementor-icon-box-content\">\n\n\t\t\t\t\t\t\t\t\t<h3 class=\"elementor-icon-box-title\">\n\t\t\t\t\t\t<a href=\"https:\/\/www.youtube.com\/@adpusach\" >\n\t\t\t\t\t\t\tyoutube.com\/@adpusach\t\t\t\t\t\t<\/a>\n\t\t\t\t\t<\/h3>\n\t\t\t\t\n\t\t\t\t\n\t\t\t<\/div>\n\t\t\t\n\t\t<\/div>\n\t\t\t\t\t\t<\/div>\n\t\t\t\t<\/div>\n\t\t\t\t<\/div>\n\t\t\t\t<\/div>\n\t\t","protected":false},"excerpt":{"rendered":"<p>Inicio Nosotros Servicios Preguntas Frecuentes Noticias Reflexiones ADP se re\u00fane con rector (S) para presentar pliego de demandas y abordar casos de socias y socios \u00a0 Martes 16 de diciembre 2025 La Asociaci\u00f3n sostuvo un encuentro con la autoridad universitaria para exponer un documento compuesto por 14 puntos y dialogar sobre diversas materias laborales y [&hellip;]<\/p>\n","protected":false},"author":5,"featured_media":0,"parent":0,"menu_order":0,"comment_status":"closed","ping_status":"closed","template":"","meta":{"_view_id":"","footnotes":""},"class_list":["post-3191","page","type-page","status-publish","hentry"],"_links":{"self":[{"href":"https:\/\/adpusach.cl\/wp\/wp-json\/wp\/v2\/pages\/3191","targetHints":{"allow":["GET"]}}],"collection":[{"href":"https:\/\/adpusach.cl\/wp\/wp-json\/wp\/v2\/pages"}],"about":[{"href":"https:\/\/adpusach.cl\/wp\/wp-json\/wp\/v2\/types\/page"}],"author":[{"embeddable":true,"href":"https:\/\/adpusach.cl\/wp\/wp-json\/wp\/v2\/users\/5"}],"replies":[{"embeddable":true,"href":"https:\/\/adpusach.cl\/wp\/wp-json\/wp\/v2\/comments?post=3191"}],"version-history":[{"count":33,"href":"https:\/\/adpusach.cl\/wp\/wp-json\/wp\/v2\/pages\/3191\/revisions"}],"predecessor-version":[{"id":3523,"href":"https:\/\/adpusach.cl\/wp\/wp-json\/wp\/v2\/pages\/3191\/revisions\/3523"}],"wp:attachment":[{"href":"https:\/\/adpusach.cl\/wp\/wp-json\/wp\/v2\/media?parent=3191"}],"curies":[{"name":"wp","href":"https:\/\/api.w.org\/{rel}","templated":true}]}}