{"id":1359,"date":"2024-06-10T08:24:41","date_gmt":"2024-06-10T08:24:41","guid":{"rendered":"http:\/\/xtratheme.combusiness-2\/?page_id=6"},"modified":"2026-04-14T03:31:31","modified_gmt":"2026-04-14T03:31:31","slug":"nosotros","status":"publish","type":"page","link":"https:\/\/adpusach.cl\/wp\/nosotros\/","title":{"rendered":"Somos"},"content":{"rendered":"\t\t<div data-elementor-type=\"wp-page\" data-elementor-id=\"1359\" class=\"elementor elementor-1359\">\n\t\t\t\t<div class=\"elementor-element elementor-element-4ca4cda codevz-con-stretch-yes e-con-full e-flex e-con e-parent\" data-id=\"4ca4cda\" data-element_type=\"container\" data-e-type=\"container\">\n\t\t\t\t<div class=\"elementor-element elementor-element-032731a elementor-widget__width-inherit elementor-widget elementor-widget-image\" data-id=\"032731a\" data-element_type=\"widget\" data-e-type=\"widget\" data-widget_type=\"image.default\">\n\t\t\t\t\t\t\t\t\t\t\t\t\t\t\t<img fetchpriority=\"high\" decoding=\"async\" width=\"2000\" height=\"444\" src=\"data:image\/svg+xml,%3Csvg%20xmlns%3D&#39;http%3A%2F%2Fwww.w3.org%2F2000%2Fsvg&#39;%20width=&#39;2000&#39;%20height=&#39;444&#39;%20viewBox%3D&#39;0%200%202000%20444&#39;%2F%3E\" data-czlz data-src=\"https:\/\/adpusach.cl\/wp\/wp-content\/uploads\/2025\/12\/Sin-titulo-9-x-3-in-9-x-2-in-1-1.png\" class=\"attachment-full size-full wp-image-2646\" alt=\"\" data-srcset=\"https:\/\/adpusach.cl\/wp\/wp-content\/uploads\/2025\/12\/Sin-titulo-9-x-3-in-9-x-2-in-1-1.png 2000w, https:\/\/adpusach.cl\/wp\/wp-content\/uploads\/2025\/12\/Sin-titulo-9-x-3-in-9-x-2-in-1-1-300x67.png 300w, https:\/\/adpusach.cl\/wp\/wp-content\/uploads\/2025\/12\/Sin-titulo-9-x-3-in-9-x-2-in-1-1-1024x227.png 1024w, https:\/\/adpusach.cl\/wp\/wp-content\/uploads\/2025\/12\/Sin-titulo-9-x-3-in-9-x-2-in-1-1-768x170.png 768w, https:\/\/adpusach.cl\/wp\/wp-content\/uploads\/2025\/12\/Sin-titulo-9-x-3-in-9-x-2-in-1-1-1536x341.png 1536w, https:\/\/adpusach.cl\/wp\/wp-content\/uploads\/2025\/12\/Sin-titulo-9-x-3-in-9-x-2-in-1-1-600x133.png 600w\" data-sizes=\"(max-width: 2000px) 100vw, 2000px\" \/>\t\t\t\t\t\t\t\t\t\t\t\t\t\t\t<\/div>\n\t\t\t\t<\/div>\n\t\t<div class=\"elementor-element elementor-element-ae5ccfd e-grid codevz-con-stretch-yes e-con-boxed e-con e-parent\" data-id=\"ae5ccfd\" data-element_type=\"container\" data-e-type=\"container\" data-settings=\"{&quot;background_background&quot;:&quot;classic&quot;}\">\n\t\t\t\t\t<div class=\"e-con-inner\">\n\t\t\t\t<div class=\"elementor-element elementor-element-8e929b1 elementor-align-right elementor-widget elementor-widget-button\" data-id=\"8e929b1\" data-element_type=\"widget\" data-e-type=\"widget\" data-widget_type=\"button.default\">\n\t\t\t\t\t\t\t\t\t\t<a class=\"elementor-button elementor-button-link elementor-size-sm\" href=\"https:\/\/adpusach.cl\/wp\">\n\t\t\t\t\t\t<span class=\"elementor-button-content-wrapper\">\n\t\t\t\t\t\t\t\t\t<span class=\"elementor-button-text\">Inicio<\/span>\n\t\t\t\t\t<\/span>\n\t\t\t\t\t<\/a>\n\t\t\t\t\t\t\t\t<\/div>\n\t\t\t\t<div class=\"elementor-element elementor-element-f3d95e1 elementor-align-right elementor-widget elementor-widget-button\" data-id=\"f3d95e1\" data-element_type=\"widget\" data-e-type=\"widget\" data-widget_type=\"button.default\">\n\t\t\t\t\t\t\t\t\t\t<a class=\"elementor-button elementor-button-link elementor-size-sm\" href=\"https:\/\/adpusach.cl\/wp\/nosotros\">\n\t\t\t\t\t\t<span class=\"elementor-button-content-wrapper\">\n\t\t\t\t\t\t\t\t\t<span class=\"elementor-button-text\">Nosotros<\/span>\n\t\t\t\t\t<\/span>\n\t\t\t\t\t<\/a>\n\t\t\t\t\t\t\t\t<\/div>\n\t\t\t\t<div class=\"elementor-element elementor-element-94f46f6 elementor-align-right elementor-widget elementor-widget-button\" data-id=\"94f46f6\" data-element_type=\"widget\" data-e-type=\"widget\" data-widget_type=\"button.default\">\n\t\t\t\t\t\t\t\t\t\t<a class=\"elementor-button elementor-button-link elementor-size-sm\" href=\"https:\/\/adpusach.cl\/wp\/servicios\">\n\t\t\t\t\t\t<span class=\"elementor-button-content-wrapper\">\n\t\t\t\t\t\t\t\t\t<span class=\"elementor-button-text\">Servicios<\/span>\n\t\t\t\t\t<\/span>\n\t\t\t\t\t<\/a>\n\t\t\t\t\t\t\t\t<\/div>\n\t\t\t\t<div class=\"elementor-element elementor-element-3891762 elementor-align-center elementor-widget elementor-widget-button\" data-id=\"3891762\" data-element_type=\"widget\" data-e-type=\"widget\" data-widget_type=\"button.default\">\n\t\t\t\t\t\t\t\t\t\t<a class=\"elementor-button elementor-button-link elementor-size-sm\" href=\"https:\/\/adpusach.cl\/wp\/preguntas-frecuentes\/\">\n\t\t\t\t\t\t<span class=\"elementor-button-content-wrapper\">\n\t\t\t\t\t\t\t\t\t<span class=\"elementor-button-text\">Preguntas Frecuentes<\/span>\n\t\t\t\t\t<\/span>\n\t\t\t\t\t<\/a>\n\t\t\t\t\t\t\t\t<\/div>\n\t\t\t\t<div class=\"elementor-element elementor-element-eec56e2 elementor-align-center elementor-widget elementor-widget-button\" data-id=\"eec56e2\" data-element_type=\"widget\" data-e-type=\"widget\" data-widget_type=\"button.default\">\n\t\t\t\t\t\t\t\t\t\t<a class=\"elementor-button elementor-button-link elementor-size-sm\" href=\"https:\/\/adpusach.cl\/wp\/noticias\">\n\t\t\t\t\t\t<span class=\"elementor-button-content-wrapper\">\n\t\t\t\t\t\t\t\t\t<span class=\"elementor-button-text\">Noticias<\/span>\n\t\t\t\t\t<\/span>\n\t\t\t\t\t<\/a>\n\t\t\t\t\t\t\t\t<\/div>\n\t\t\t\t<div class=\"elementor-element elementor-element-b069e9d elementor-align-center elementor-widget elementor-widget-button\" data-id=\"b069e9d\" data-element_type=\"widget\" data-e-type=\"widget\" data-widget_type=\"button.default\">\n\t\t\t\t\t\t\t\t\t\t<a class=\"elementor-button elementor-button-link elementor-size-sm\" href=\"https:\/\/adpusach.cl\/wp\/reflexiones\/\">\n\t\t\t\t\t\t<span class=\"elementor-button-content-wrapper\">\n\t\t\t\t\t\t\t\t\t<span class=\"elementor-button-text\">Reflexiones<\/span>\n\t\t\t\t\t<\/span>\n\t\t\t\t\t<\/a>\n\t\t\t\t\t\t\t\t<\/div>\n\t\t\t\t\t<\/div>\n\t\t\t\t<\/div>\n\t\t<div class=\"elementor-element elementor-element-e346f8b e-flex e-con-boxed e-con e-parent\" data-id=\"e346f8b\" data-element_type=\"container\" data-e-type=\"container\">\n\t\t\t\t\t<div class=\"e-con-inner\">\n\t\t<div class=\"elementor-element elementor-element-25b21db e-con-full e-flex e-con e-child\" data-id=\"25b21db\" data-element_type=\"container\" data-e-type=\"container\">\n\t\t\t\t<div class=\"elementor-element elementor-element-ed26dc7 elementor-widget elementor-widget-heading\" data-id=\"ed26dc7\" data-element_type=\"widget\" data-e-type=\"widget\" data-widget_type=\"heading.default\">\n\t\t\t\t\t<h2 class=\"elementor-heading-title elementor-size-default\">\u00bfQui\u00e9nes somos?<\/h2>\t\t\t\t<\/div>\n\t\t\t\t<div class=\"elementor-element elementor-element-adbb0ac elementor-widget elementor-widget-text-editor\" data-id=\"adbb0ac\" data-element_type=\"widget\" data-e-type=\"widget\" data-widget_type=\"text-editor.default\">\n\t\t\t\t\t\t\t\t\t<p style=\"text-align: justify;\"><span style=\"font-size: 18px;\">La Asociaci\u00f3n de Funcionarios Profesionales y T\u00e9cnicos de la Universidad de Santiago de Chile (ADP) fue fundada el <strong data-start=\"315\" data-end=\"338\">24 de julio de 1991<\/strong>, con el prop\u00f3sito de defender los derechos laborales de sus integrantes y contribuir activamente al fortalecimiento de la gesti\u00f3n universitaria. Desde entonces, y a lo largo de <strong data-start=\"516\" data-end=\"542\">34 a\u00f1os de trayectoria<\/strong>, la ADP ha consolidado un espacio de representaci\u00f3n comprometido con promover condiciones laborales justas, impulsar la participaci\u00f3n de los trabajadores y aportar, desde la experiencia de profesionales y t\u00e9cnicos, al desarrollo institucional de la Universidad. Actualmente, la organizaci\u00f3n cuenta con alrededor de<strong data-start=\"845\" data-end=\"875\"> 500 socios y socias<\/strong>, reflejo del crecimiento, la confianza y la importancia del trabajo colectivo. Hoy, seguimos reafirmando nuestro compromiso con la defensa de los derechos laborales y el fortalecimiento de una comunidad universitaria m\u00e1s equitativa, invitando a nuevos miembros a sumarse a este proyecto com\u00fan.<\/span><\/p>\t\t\t\t\t\t\t\t<\/div>\n\t\t\t\t<\/div>\n\t\t\t\t\t<\/div>\n\t\t\t\t<\/div>\n\t\t\t\t<section class=\"elementor-section elementor-top-section elementor-element elementor-element-8f272b3 elementor-section-boxed elementor-section-height-default elementor-section-height-default\" data-id=\"8f272b3\" data-element_type=\"section\" data-e-type=\"section\">\n\t\t\t\t\t\t<div class=\"elementor-container elementor-column-gap-default\">\n\t\t\t\t\t<div class=\"elementor-column elementor-col-100 elementor-top-column elementor-element elementor-element-a7d5d4a\" data-id=\"a7d5d4a\" data-element_type=\"column\" data-e-type=\"column\">\n\t\t\t<div class=\"elementor-widget-wrap elementor-element-populated\">\n\t\t\t\t\t\t<div class=\"elementor-element elementor-element-0db5b47 elementor-widget elementor-widget-heading\" data-id=\"0db5b47\" data-element_type=\"widget\" data-e-type=\"widget\" data-widget_type=\"heading.default\">\n\t\t\t\t\t<h2 class=\"elementor-heading-title elementor-size-default\">Nuestro Directorio<\/h2>\t\t\t\t<\/div>\n\t\t<div class=\"elementor-element elementor-element-0510716 e-grid e-con-full e-con e-parent\" data-id=\"0510716\" data-element_type=\"container\" data-e-type=\"container\">\n\t\t\t\t<div class=\"elementor-element elementor-element-fd308a2 elementor-position-top elementor-widget elementor-widget-image-box\" data-id=\"fd308a2\" data-element_type=\"widget\" data-e-type=\"widget\" data-widget_type=\"image-box.default\">\n\t\t\t\t\t<div class=\"elementor-image-box-wrapper\"><figure class=\"elementor-image-box-img\"><img decoding=\"async\" width=\"1597\" height=\"1600\" src=\"data:image\/svg+xml,%3Csvg%20xmlns%3D&#39;http%3A%2F%2Fwww.w3.org%2F2000%2Fsvg&#39;%20width=&#39;1597&#39;%20height=&#39;1600&#39;%20viewBox%3D&#39;0%200%201597%201600&#39;%2F%3E\" data-czlz data-src=\"https:\/\/adpusach.cl\/wp\/wp-content\/uploads\/2024\/06\/WhatsApp-Image-2025-10-10-at-1.47.14-PM.jpeg\" class=\"attachment-full size-full wp-image-1876\" alt=\"\" data-srcset=\"https:\/\/adpusach.cl\/wp\/wp-content\/uploads\/2024\/06\/WhatsApp-Image-2025-10-10-at-1.47.14-PM.jpeg 1597w, https:\/\/adpusach.cl\/wp\/wp-content\/uploads\/2024\/06\/WhatsApp-Image-2025-10-10-at-1.47.14-PM-100x100.jpeg 100w, https:\/\/adpusach.cl\/wp\/wp-content\/uploads\/2024\/06\/WhatsApp-Image-2025-10-10-at-1.47.14-PM-600x601.jpeg 600w, https:\/\/adpusach.cl\/wp\/wp-content\/uploads\/2024\/06\/WhatsApp-Image-2025-10-10-at-1.47.14-PM-300x300.jpeg 300w, https:\/\/adpusach.cl\/wp\/wp-content\/uploads\/2024\/06\/WhatsApp-Image-2025-10-10-at-1.47.14-PM-1022x1024.jpeg 1022w, https:\/\/adpusach.cl\/wp\/wp-content\/uploads\/2024\/06\/WhatsApp-Image-2025-10-10-at-1.47.14-PM-150x150.jpeg 150w, https:\/\/adpusach.cl\/wp\/wp-content\/uploads\/2024\/06\/WhatsApp-Image-2025-10-10-at-1.47.14-PM-768x769.jpeg 768w, https:\/\/adpusach.cl\/wp\/wp-content\/uploads\/2024\/06\/WhatsApp-Image-2025-10-10-at-1.47.14-PM-1533x1536.jpeg 1533w\" data-sizes=\"(max-width: 1597px) 100vw, 1597px\" \/><\/figure><div class=\"elementor-image-box-content\"><h3 class=\"elementor-image-box-title\">Enrique Acosta<\/h3><p class=\"elementor-image-box-description\">Presidente\n<\/p><\/div><\/div>\t\t\t\t<\/div>\n\t\t\t\t<div class=\"elementor-element elementor-element-7e087e5 elementor-position-top elementor-widget elementor-widget-image-box\" data-id=\"7e087e5\" data-element_type=\"widget\" data-e-type=\"widget\" data-widget_type=\"image-box.default\">\n\t\t\t\t\t<div class=\"elementor-image-box-wrapper\"><figure class=\"elementor-image-box-img\"><img decoding=\"async\" width=\"768\" height=\"768\" src=\"data:image\/svg+xml,%3Csvg%20xmlns%3D&#39;http%3A%2F%2Fwww.w3.org%2F2000%2Fsvg&#39;%20width=&#39;768&#39;%20height=&#39;768&#39;%20viewBox%3D&#39;0%200%20768%20768&#39;%2F%3E\" data-czlz data-src=\"https:\/\/adpusach.cl\/wp\/wp-content\/uploads\/2025\/12\/WhatsApp-Image-2025-12-17-at-12.52.34-PM-768x768.jpeg\" class=\"attachment-medium_large size-medium_large wp-image-2835\" alt=\"\" data-srcset=\"https:\/\/adpusach.cl\/wp\/wp-content\/uploads\/2025\/12\/WhatsApp-Image-2025-12-17-at-12.52.34-PM-768x768.jpeg 768w, https:\/\/adpusach.cl\/wp\/wp-content\/uploads\/2025\/12\/WhatsApp-Image-2025-12-17-at-12.52.34-PM-300x300.jpeg 300w, https:\/\/adpusach.cl\/wp\/wp-content\/uploads\/2025\/12\/WhatsApp-Image-2025-12-17-at-12.52.34-PM-1024x1024.jpeg 1024w, https:\/\/adpusach.cl\/wp\/wp-content\/uploads\/2025\/12\/WhatsApp-Image-2025-12-17-at-12.52.34-PM-150x150.jpeg 150w, https:\/\/adpusach.cl\/wp\/wp-content\/uploads\/2025\/12\/WhatsApp-Image-2025-12-17-at-12.52.34-PM-1000x1000.jpeg 1000w, https:\/\/adpusach.cl\/wp\/wp-content\/uploads\/2025\/12\/WhatsApp-Image-2025-12-17-at-12.52.34-PM-600x600.jpeg 600w, https:\/\/adpusach.cl\/wp\/wp-content\/uploads\/2025\/12\/WhatsApp-Image-2025-12-17-at-12.52.34-PM-100x100.jpeg 100w, https:\/\/adpusach.cl\/wp\/wp-content\/uploads\/2025\/12\/WhatsApp-Image-2025-12-17-at-12.52.34-PM.jpeg 1080w\" data-sizes=\"(max-width: 768px) 100vw, 768px\" \/><\/figure><div class=\"elementor-image-box-content\"><h3 class=\"elementor-image-box-title\">Sergio Urz\u00faa<\/h3><p class=\"elementor-image-box-description\">Secretario\n<\/p><\/div><\/div>\t\t\t\t<\/div>\n\t\t\t\t<div class=\"elementor-element elementor-element-0ae32e0 elementor-position-top elementor-widget elementor-widget-image-box\" data-id=\"0ae32e0\" data-element_type=\"widget\" data-e-type=\"widget\" data-widget_type=\"image-box.default\">\n\t\t\t\t\t<div class=\"elementor-image-box-wrapper\"><figure class=\"elementor-image-box-img\"><img loading=\"lazy\" decoding=\"async\" width=\"640\" height=\"640\" src=\"data:image\/svg+xml,%3Csvg%20xmlns%3D&#39;http%3A%2F%2Fwww.w3.org%2F2000%2Fsvg&#39;%20width=&#39;640&#39;%20height=&#39;640&#39;%20viewBox%3D&#39;0%200%20640%20640&#39;%2F%3E\" data-czlz data-src=\"https:\/\/adpusach.cl\/wp\/wp-content\/uploads\/2024\/06\/file-1.jpg\" class=\"attachment-full size-full wp-image-1875\" alt=\"\" data-srcset=\"https:\/\/adpusach.cl\/wp\/wp-content\/uploads\/2024\/06\/file-1.jpg 640w, https:\/\/adpusach.cl\/wp\/wp-content\/uploads\/2024\/06\/file-1-100x100.jpg 100w, https:\/\/adpusach.cl\/wp\/wp-content\/uploads\/2024\/06\/file-1-600x600.jpg 600w, https:\/\/adpusach.cl\/wp\/wp-content\/uploads\/2024\/06\/file-1-300x300.jpg 300w, https:\/\/adpusach.cl\/wp\/wp-content\/uploads\/2024\/06\/file-1-150x150.jpg 150w\" data-sizes=\"(max-width: 640px) 100vw, 640px\" \/><\/figure><div class=\"elementor-image-box-content\"><h3 class=\"elementor-image-box-title\">Claudia Cecchi<\/h3><p class=\"elementor-image-box-description\">Tesorera\n<\/p><\/div><\/div>\t\t\t\t<\/div>\n\t\t\t\t<\/div>\n\t\t\t\t\t<\/div>\n\t\t<\/div>\n\t\t\t\t\t<\/div>\n\t\t<\/section>\n\t\t<div class=\"elementor-element elementor-element-d0495c6 e-grid e-con-boxed e-con e-parent\" data-id=\"d0495c6\" data-element_type=\"container\" data-e-type=\"container\">\n\t\t\t\t\t<div class=\"e-con-inner\">\n\t\t\t\t<div class=\"elementor-element elementor-element-42679aa elementor-position-top elementor-widget elementor-widget-image-box\" data-id=\"42679aa\" data-element_type=\"widget\" data-e-type=\"widget\" data-widget_type=\"image-box.default\">\n\t\t\t\t\t<div class=\"elementor-image-box-wrapper\"><figure class=\"elementor-image-box-img\"><img loading=\"lazy\" decoding=\"async\" width=\"1066\" height=\"1072\" src=\"data:image\/svg+xml,%3Csvg%20xmlns%3D&#39;http%3A%2F%2Fwww.w3.org%2F2000%2Fsvg&#39;%20width=&#39;1066&#39;%20height=&#39;1072&#39;%20viewBox%3D&#39;0%200%201066%201072&#39;%2F%3E\" data-czlz data-src=\"https:\/\/adpusach.cl\/wp\/wp-content\/uploads\/2024\/06\/WhatsApp-Image-2025-10-10-at-2.28.57-PM-1.jpeg\" class=\"attachment-full size-full wp-image-1885\" alt=\"\" data-srcset=\"https:\/\/adpusach.cl\/wp\/wp-content\/uploads\/2024\/06\/WhatsApp-Image-2025-10-10-at-2.28.57-PM-1.jpeg 1066w, https:\/\/adpusach.cl\/wp\/wp-content\/uploads\/2024\/06\/WhatsApp-Image-2025-10-10-at-2.28.57-PM-1-100x100.jpeg 100w, https:\/\/adpusach.cl\/wp\/wp-content\/uploads\/2024\/06\/WhatsApp-Image-2025-10-10-at-2.28.57-PM-1-600x603.jpeg 600w, https:\/\/adpusach.cl\/wp\/wp-content\/uploads\/2024\/06\/WhatsApp-Image-2025-10-10-at-2.28.57-PM-1-298x300.jpeg 298w, https:\/\/adpusach.cl\/wp\/wp-content\/uploads\/2024\/06\/WhatsApp-Image-2025-10-10-at-2.28.57-PM-1-1018x1024.jpeg 1018w, https:\/\/adpusach.cl\/wp\/wp-content\/uploads\/2024\/06\/WhatsApp-Image-2025-10-10-at-2.28.57-PM-1-150x150.jpeg 150w, https:\/\/adpusach.cl\/wp\/wp-content\/uploads\/2024\/06\/WhatsApp-Image-2025-10-10-at-2.28.57-PM-1-768x772.jpeg 768w\" data-sizes=\"(max-width: 1066px) 100vw, 1066px\" \/><\/figure><div class=\"elementor-image-box-content\"><h3 class=\"elementor-image-box-title\">Mario Gonz\u00e1lez<\/h3><p class=\"elementor-image-box-description\">Director\n<\/p><\/div><\/div>\t\t\t\t<\/div>\n\t\t\t\t<div class=\"elementor-element elementor-element-a8429ac elementor-position-top elementor-widget elementor-widget-image-box\" data-id=\"a8429ac\" data-element_type=\"widget\" data-e-type=\"widget\" data-widget_type=\"image-box.default\">\n\t\t\t\t\t<div class=\"elementor-image-box-wrapper\"><figure class=\"elementor-image-box-img\"><img loading=\"lazy\" decoding=\"async\" width=\"720\" height=\"700\" src=\"data:image\/svg+xml,%3Csvg%20xmlns%3D&#39;http%3A%2F%2Fwww.w3.org%2F2000%2Fsvg&#39;%20width=&#39;720&#39;%20height=&#39;700&#39;%20viewBox%3D&#39;0%200%20720%20700&#39;%2F%3E\" data-czlz data-src=\"https:\/\/adpusach.cl\/wp\/wp-content\/uploads\/2024\/06\/WhatsApp-Image-2025-10-10-at-2.15.35-PM-1.jpeg\" class=\"attachment-full size-full wp-image-1888\" alt=\"\" data-srcset=\"https:\/\/adpusach.cl\/wp\/wp-content\/uploads\/2024\/06\/WhatsApp-Image-2025-10-10-at-2.15.35-PM-1.jpeg 720w, https:\/\/adpusach.cl\/wp\/wp-content\/uploads\/2024\/06\/WhatsApp-Image-2025-10-10-at-2.15.35-PM-1-600x583.jpeg 600w, https:\/\/adpusach.cl\/wp\/wp-content\/uploads\/2024\/06\/WhatsApp-Image-2025-10-10-at-2.15.35-PM-1-300x292.jpeg 300w\" data-sizes=\"(max-width: 720px) 100vw, 720px\" \/><\/figure><div class=\"elementor-image-box-content\"><h3 class=\"elementor-image-box-title\">Betsy Saavedra<\/h3><p class=\"elementor-image-box-description\">Directora\n<\/p><\/div><\/div>\t\t\t\t<\/div>\n\t\t\t\t\t<\/div>\n\t\t\t\t<\/div>\n\t\t<div class=\"elementor-element elementor-element-1f5d654 codevz-con-stretch-yes e-flex e-con-boxed e-con e-parent\" data-id=\"1f5d654\" data-element_type=\"container\" data-e-type=\"container\" data-settings=\"{&quot;background_background&quot;:&quot;classic&quot;,&quot;position&quot;:&quot;absolute&quot;}\">\n\t\t\t\t\t<div class=\"e-con-inner\">\n\t\t<div class=\"elementor-element elementor-element-a177a56 e-grid e-con-full e-con e-child\" data-id=\"a177a56\" data-element_type=\"container\" data-e-type=\"container\">\n\t\t\t\t<div class=\"elementor-element elementor-element-ce508ae elementor-position-inline-start elementor-view-default elementor-mobile-position-block-start elementor-widget elementor-widget-icon-box\" data-id=\"ce508ae\" data-element_type=\"widget\" data-e-type=\"widget\" data-widget_type=\"icon-box.default\">\n\t\t\t\t\t\t\t<div class=\"elementor-icon-box-wrapper\">\n\n\t\t\t\t\t\t<div class=\"elementor-icon-box-icon\">\n\t\t\t\t<span  class=\"elementor-icon\">\n\t\t\t\t<i aria-hidden=\"true\" class=\"fab fa-facebook\"><\/i>\t\t\t\t<\/span>\n\t\t\t<\/div>\n\t\t\t\n\t\t\t\t\t\t<div class=\"elementor-icon-box-content\">\n\n\t\t\t\t\t\t\t\t\t<h3 class=\"elementor-icon-box-title\">\n\t\t\t\t\t\t<span  >\n\t\t\t\t\t\t\tfacebook.com\/adp.usach\t\t\t\t\t\t<\/span>\n\t\t\t\t\t<\/h3>\n\t\t\t\t\n\t\t\t\t\n\t\t\t<\/div>\n\t\t\t\n\t\t<\/div>\n\t\t\t\t\t\t<\/div>\n\t\t\t\t<div class=\"elementor-element elementor-element-71ea363 elementor-position-inline-start elementor-view-default elementor-mobile-position-block-start elementor-widget elementor-widget-icon-box\" data-id=\"71ea363\" data-element_type=\"widget\" data-e-type=\"widget\" data-widget_type=\"icon-box.default\">\n\t\t\t\t\t\t\t<div class=\"elementor-icon-box-wrapper\">\n\n\t\t\t\t\t\t<div class=\"elementor-icon-box-icon\">\n\t\t\t\t<span  class=\"elementor-icon\">\n\t\t\t\t<i aria-hidden=\"true\" class=\"czi czico-090-mail-2\"><\/i>\t\t\t\t<\/span>\n\t\t\t<\/div>\n\t\t\t\n\t\t\t\t\t\t<div class=\"elementor-icon-box-content\">\n\n\t\t\t\t\t\t\t\t\t<h3 class=\"elementor-icon-box-title\">\n\t\t\t\t\t\t<span  >\n\t\t\t\t\t\t\tadpusach@usach.cl\t\t\t\t\t\t<\/span>\n\t\t\t\t\t<\/h3>\n\t\t\t\t\n\t\t\t\t\n\t\t\t<\/div>\n\t\t\t\n\t\t<\/div>\n\t\t\t\t\t\t<\/div>\n\t\t\t\t<div class=\"elementor-element elementor-element-2f16992 elementor-position-inline-start elementor-view-default elementor-mobile-position-block-start elementor-widget elementor-widget-icon-box\" data-id=\"2f16992\" data-element_type=\"widget\" data-e-type=\"widget\" data-widget_type=\"icon-box.default\">\n\t\t\t\t\t\t\t<div class=\"elementor-icon-box-wrapper\">\n\n\t\t\t\t\t\t<div class=\"elementor-icon-box-icon\">\n\t\t\t\t<span  class=\"elementor-icon\">\n\t\t\t\t<i aria-hidden=\"true\" class=\"fab fa-instagram\"><\/i>\t\t\t\t<\/span>\n\t\t\t<\/div>\n\t\t\t\n\t\t\t\t\t\t<div class=\"elementor-icon-box-content\">\n\n\t\t\t\t\t\t\t\t\t<h3 class=\"elementor-icon-box-title\">\n\t\t\t\t\t\t<span  >\n\t\t\t\t\t\t\t@adp_usachoficial\t\t\t\t\t\t<\/span>\n\t\t\t\t\t<\/h3>\n\t\t\t\t\n\t\t\t\t\n\t\t\t<\/div>\n\t\t\t\n\t\t<\/div>\n\t\t\t\t\t\t<\/div>\n\t\t\t\t<div class=\"elementor-element elementor-element-c7d81d3 elementor-position-inline-start elementor-view-default elementor-mobile-position-block-start elementor-widget elementor-widget-icon-box\" data-id=\"c7d81d3\" data-element_type=\"widget\" data-e-type=\"widget\" data-widget_type=\"icon-box.default\">\n\t\t\t\t\t\t\t<div class=\"elementor-icon-box-wrapper\">\n\n\t\t\t\t\t\t<div class=\"elementor-icon-box-icon\">\n\t\t\t\t<span  class=\"elementor-icon\">\n\t\t\t\t<i aria-hidden=\"true\" class=\"fab fa-youtube\"><\/i>\t\t\t\t<\/span>\n\t\t\t<\/div>\n\t\t\t\n\t\t\t\t\t\t<div class=\"elementor-icon-box-content\">\n\n\t\t\t\t\t\t\t\t\t<h3 class=\"elementor-icon-box-title\">\n\t\t\t\t\t\t<span  >\n\t\t\t\t\t\t\tyoutube.com\/@adpusach\t\t\t\t\t\t<\/span>\n\t\t\t\t\t<\/h3>\n\t\t\t\t\n\t\t\t\t\n\t\t\t<\/div>\n\t\t\t\n\t\t<\/div>\n\t\t\t\t\t\t<\/div>\n\t\t\t\t<\/div>\n\t\t\t\t\t<\/div>\n\t\t\t\t<\/div>\n\t\t\t\t<\/div>\n\t\t","protected":false},"excerpt":{"rendered":"<p>Inicio Nosotros Servicios Preguntas Frecuentes Noticias Reflexiones \u00bfQui\u00e9nes somos? La Asociaci\u00f3n de Funcionarios Profesionales y T\u00e9cnicos de la Universidad de Santiago de Chile (ADP) fue fundada el 24 de julio de 1991, con el prop\u00f3sito de defender los derechos laborales de sus integrantes y contribuir activamente al fortalecimiento de la gesti\u00f3n universitaria. Desde entonces, y [&hellip;]<\/p>\n","protected":false},"author":1,"featured_media":0,"parent":0,"menu_order":0,"comment_status":"closed","ping_status":"closed","template":"","meta":{"_view_id":"","footnotes":""},"class_list":["post-1359","page","type-page","status-publish","hentry"],"_links":{"self":[{"href":"https:\/\/adpusach.cl\/wp\/wp-json\/wp\/v2\/pages\/1359","targetHints":{"allow":["GET"]}}],"collection":[{"href":"https:\/\/adpusach.cl\/wp\/wp-json\/wp\/v2\/pages"}],"about":[{"href":"https:\/\/adpusach.cl\/wp\/wp-json\/wp\/v2\/types\/page"}],"author":[{"embeddable":true,"href":"https:\/\/adpusach.cl\/wp\/wp-json\/wp\/v2\/users\/1"}],"replies":[{"embeddable":true,"href":"https:\/\/adpusach.cl\/wp\/wp-json\/wp\/v2\/comments?post=1359"}],"version-history":[{"count":148,"href":"https:\/\/adpusach.cl\/wp\/wp-json\/wp\/v2\/pages\/1359\/revisions"}],"predecessor-version":[{"id":3538,"href":"https:\/\/adpusach.cl\/wp\/wp-json\/wp\/v2\/pages\/1359\/revisions\/3538"}],"wp:attachment":[{"href":"https:\/\/adpusach.cl\/wp\/wp-json\/wp\/v2\/media?parent=1359"}],"curies":[{"name":"wp","href":"https:\/\/api.w.org\/{rel}","templated":true}]}}